{"id":3455,"date":"2021-05-13T10:21:09","date_gmt":"2021-05-13T10:21:09","guid":{"rendered":"https:\/\/effortsl.net\/clientes\/tendentcia\/?page_id=3455"},"modified":"2021-07-22T10:11:44","modified_gmt":"2021-07-22T10:11:44","slug":"instalacions","status":"publish","type":"page","link":"https:\/\/www.tendentcia.es\/ca\/instalacions\/","title":{"rendered":"Instal\u00b7lacions"},"content":{"rendered":"<p>[vc_row padding_bottom_multiplier=&#8221;&#8221;][vc_column]\n\t\t\t<!-- START Instal\u00b7lacions REVOLUTION SLIDER 6.4.2 --><p class=\"rs-p-wp-fix\"><\/p>\n\t\t\t<rs-module-wrap id=\"rev_slider_11_1_wrapper\" data-source=\"gallery\" style=\"background:transparent;padding:0;margin:0px auto;margin-top:0;margin-bottom:0;\">\n\t\t\t\t<rs-module id=\"rev_slider_11_1\" style=\"\" data-version=\"6.4.2\">\n\t\t\t\t\t<rs-slides>\n\t\t\t\t\t\t<rs-slide data-key=\"rs-15\" data-title=\"Slide\" data-in=\"o:0;\" data-out=\"a:false;\">\n\t\t\t\t\t\t\t<img src=\"\/\/www.tendentcia.es\/wp-content\/uploads\/2021\/05\/instalaciones.definitiva.jpg\" title=\"instalaciones.definitiva\" width=\"1920\" height=\"1080\" class=\"rev-slidebg\" data-no-retina>\n<!--\n\t\t\t\t\t\t\t--><rs-layer\n\t\t\t\t\t\t\t\tid=\"slider-11-slide-15-layer-0\" \n\t\t\t\t\t\t\t\tdata-type=\"text\"\n\t\t\t\t\t\t\t\tdata-rsp_ch=\"on\"\n\t\t\t\t\t\t\t\tdata-xy=\"x:c;y:m;yo:0,0,0,26px;\"\n\t\t\t\t\t\t\t\tdata-text=\"w:normal;s:45,37,43,34;l:53,43,49,39;fw:500;\"\n\t\t\t\t\t\t\t\tdata-basealign=\"slide\"\n\t\t\t\t\t\t\t\tdata-frame_999=\"o:0;st:w;\"\n\t\t\t\t\t\t\t\tstyle=\"z-index:5;font-family:Montserrat;\"\n\t\t\t\t\t\t\t>Instal\u00b7lacions \n\t\t\t\t\t\t\t<\/rs-layer><!--\n-->\t\t\t\t\t\t<\/rs-slide>\n\t\t\t\t\t<\/rs-slides>\n\t\t\t\t<\/rs-module>\n\t\t\t\t<script type=\"text\/javascript\">\n\t\t\t\t\tsetREVStartSize({c: 'rev_slider_11_1',rl:[1240,1024,778,480],el:[500,399.99,300,300],gw:[1240,1024,778,480],gh:[500,400,300,300],type:'standard',justify:'',layout:'fullwidth',mh:\"0\"});\n\t\t\t\t\tvar\trevapi11,\n\t\t\t\t\t\ttpj;\n\t\t\t\t\tfunction revinit_revslider111() {\n\t\t\t\t\tjQuery(function() {\n\t\t\t\t\t\ttpj = jQuery;\n\t\t\t\t\t\trevapi11 = tpj(\"#rev_slider_11_1\");\n\t\t\t\t\t\tif(revapi11==undefined || revapi11.revolution == undefined){\n\t\t\t\t\t\t\trevslider_showDoubleJqueryError(\"rev_slider_11_1\");\n\t\t\t\t\t\t}else{\n\t\t\t\t\t\t\trevapi11.revolution({\n\t\t\t\t\t\t\t\tsliderLayout:\"fullwidth\",\n\t\t\t\t\t\t\t\tvisibilityLevels:\"1240,1024,778,480\",\n\t\t\t\t\t\t\t\tgridwidth:\"1240,1024,778,480\",\n\t\t\t\t\t\t\t\tgridheight:\"500,400,300,300\",\n\t\t\t\t\t\t\t\tperspective:600,\n\t\t\t\t\t\t\t\tperspectiveType:\"global\",\n\t\t\t\t\t\t\t\teditorheight:\"500,399.99,300,300\",\n\t\t\t\t\t\t\t\tresponsiveLevels:\"1240,1024,778,480\",\n\t\t\t\t\t\t\t\tprogressBar:{disableProgressBar:true},\n\t\t\t\t\t\t\t\tnavigation: {\n\t\t\t\t\t\t\t\t\tonHoverStop:false\n\t\t\t\t\t\t\t\t},\n\t\t\t\t\t\t\t\tfallbacks: {\n\t\t\t\t\t\t\t\t\tallowHTML5AutoPlayOnAndroid:true\n\t\t\t\t\t\t\t\t},\n\t\t\t\t\t\t\t});\n\t\t\t\t\t\t}\n\t\t\t\t\t\t\n\t\t\t\t\t});\n\t\t\t\t\t} \/\/ End of RevInitScript\n\t\t\t\tvar once_revslider111 = false;\n\t\t\t\tif (document.readyState === \"loading\") {document.addEventListener('readystatechange',function() { if((document.readyState === \"interactive\" || document.readyState === \"complete\") && !once_revslider111 ) { once_revslider111 = true; revinit_revslider111();}});} else {once_revslider111 = true; revinit_revslider111();}\n\t\t\t\t<\/script>\n\t\t\t<\/rs-module-wrap>\n\t\t\t<!-- END REVOLUTION SLIDER -->\n[\/vc_column][\/vc_row][vc_row padding_top_multiplier=&#8221;4x&#8221; padding_bottom_multiplier=&#8221;3x&#8221;][vc_column width=&#8221;1\/4&#8243; tablet_sm_width=&#8221;hide&#8221; mobile_width=&#8221;hide&#8221;][\/vc_column][vc_column width=&#8221;1\/2&#8243;]<h1 class=\"grve-element grve-title grve-align-center grve-animated-item grve-duration-normal grve-fade-in-up grve-h3\" style=\"\" data-delay=\"200\"><span>La Cl\u00ednica Dental<\/span><\/h1><div class=\"grve-element grve-divider grve-align-center\" style=\"padding-top: 5%;padding-bottom: 5%;\"><span class=\"grve-custom-divider grve-bg-primary-1\" style=\"width: 20px;height: 2px;\"><\/span><\/div>[vc_column_text]<\/p>\n<p style=\"text-align: center;\">Estem compromesos amb l&#8217;excel\u00b7l\u00e8ncia per a establir una relaci\u00f3 duradora basada en la confian\u00e7a i el bon tracte. Utilitzem els millors equips i els millors materials disponibles.<\/p>\n<p>[\/vc_column_text][\/vc_column][vc_column width=&#8221;1\/4&#8243;][\/vc_column][\/vc_row][vc_row][vc_column width=&#8221;1\/2&#8243;]<div class=\"grve-element grve-image grve-align-center\" style=\"margin-bottom: 8%;\">  <div class=\"grve-image-wrapper\"><a class=\"grve-image-popup\" href=\"https:\/\/www.tendentcia.es\/wp-content\/uploads\/2021\/04\/IMG_3309x.jpg\"><img width=\"1024\" height=\"683\" src=\"https:\/\/www.tendentcia.es\/wp-content\/uploads\/2021\/04\/IMG_3309x.jpg\" class=\"attachment-full size-full\" alt=\"\" loading=\"lazy\" srcset=\"https:\/\/www.tendentcia.es\/wp-content\/uploads\/2021\/04\/IMG_3309x.jpg 1024w, https:\/\/www.tendentcia.es\/wp-content\/uploads\/2021\/04\/IMG_3309x-300x200.jpg 300w, https:\/\/www.tendentcia.es\/wp-content\/uploads\/2021\/04\/IMG_3309x-768x512.jpg 768w\" sizes=\"(max-width: 1024px) 100vw, 1024px\" \/><\/a>   <\/div><\/div>[\/vc_column][vc_column width=&#8221;1\/2&#8243;]<div class=\"grve-element grve-image grve-align-center\" style=\"margin-bottom: 8%;\">  <div class=\"grve-image-wrapper\"><a class=\"grve-image-popup\" href=\"https:\/\/www.tendentcia.es\/wp-content\/uploads\/2021\/04\/IMG_3326x.jpg\"><img width=\"1024\" height=\"683\" src=\"https:\/\/www.tendentcia.es\/wp-content\/uploads\/2021\/04\/IMG_3326x.jpg\" class=\"attachment-full size-full\" alt=\"\" loading=\"lazy\" srcset=\"https:\/\/www.tendentcia.es\/wp-content\/uploads\/2021\/04\/IMG_3326x.jpg 1024w, https:\/\/www.tendentcia.es\/wp-content\/uploads\/2021\/04\/IMG_3326x-300x200.jpg 300w, https:\/\/www.tendentcia.es\/wp-content\/uploads\/2021\/04\/IMG_3326x-768x512.jpg 768w\" sizes=\"(max-width: 1024px) 100vw, 1024px\" \/><\/a>   <\/div><\/div>[\/vc_column][\/vc_row][vc_row][vc_column width=&#8221;1\/3&#8243;]<div class=\"grve-element grve-image grve-animated-item grve-duration-normal grve-fade-in-up grve-align-center\" style=\"margin-bottom: 8%;\" data-delay=\"200\">  <div class=\"grve-image-wrapper\"><a class=\"grve-image-popup\" href=\"https:\/\/www.tendentcia.es\/wp-content\/uploads\/2021\/04\/IMG_3338x.jpg\"><img width=\"1024\" height=\"683\" src=\"https:\/\/www.tendentcia.es\/wp-content\/uploads\/2021\/04\/IMG_3338x.jpg\" class=\"attachment-full size-full\" alt=\"\" loading=\"lazy\" srcset=\"https:\/\/www.tendentcia.es\/wp-content\/uploads\/2021\/04\/IMG_3338x.jpg 1024w, https:\/\/www.tendentcia.es\/wp-content\/uploads\/2021\/04\/IMG_3338x-300x200.jpg 300w, https:\/\/www.tendentcia.es\/wp-content\/uploads\/2021\/04\/IMG_3338x-768x512.jpg 768w\" sizes=\"(max-width: 1024px) 100vw, 1024px\" \/><\/a>   <\/div><\/div>[\/vc_column][vc_column width=&#8221;1\/3&#8243;]<div class=\"grve-element grve-image grve-animated-item grve-duration-normal grve-fade-in-up grve-align-center\" style=\"margin-bottom: 8%;\" data-delay=\"200\">  <div class=\"grve-image-wrapper\"><a class=\"grve-image-popup\" href=\"https:\/\/www.tendentcia.es\/wp-content\/uploads\/2021\/04\/IMG_3342x.jpg\"><img width=\"1024\" height=\"683\" src=\"https:\/\/www.tendentcia.es\/wp-content\/uploads\/2021\/04\/IMG_3342x.jpg\" class=\"attachment-full size-full\" alt=\"\" loading=\"lazy\" srcset=\"https:\/\/www.tendentcia.es\/wp-content\/uploads\/2021\/04\/IMG_3342x.jpg 1024w, https:\/\/www.tendentcia.es\/wp-content\/uploads\/2021\/04\/IMG_3342x-300x200.jpg 300w, https:\/\/www.tendentcia.es\/wp-content\/uploads\/2021\/04\/IMG_3342x-768x512.jpg 768w\" sizes=\"(max-width: 1024px) 100vw, 1024px\" \/><\/a>   <\/div><\/div>[\/vc_column][vc_column width=&#8221;1\/3&#8243;]<div class=\"grve-element grve-image grve-animated-item grve-duration-normal grve-fade-in-up grve-align-center\" style=\"margin-bottom: 8%;\" data-delay=\"200\">  <div class=\"grve-image-wrapper\"><a class=\"grve-image-popup\" href=\"https:\/\/www.tendentcia.es\/wp-content\/uploads\/2021\/04\/IMG_3343x.jpg\"><img width=\"1024\" height=\"683\" src=\"https:\/\/www.tendentcia.es\/wp-content\/uploads\/2021\/04\/IMG_3343x.jpg\" class=\"attachment-full size-full\" alt=\"\" loading=\"lazy\" srcset=\"https:\/\/www.tendentcia.es\/wp-content\/uploads\/2021\/04\/IMG_3343x.jpg 1024w, https:\/\/www.tendentcia.es\/wp-content\/uploads\/2021\/04\/IMG_3343x-300x200.jpg 300w, https:\/\/www.tendentcia.es\/wp-content\/uploads\/2021\/04\/IMG_3343x-768x512.jpg 768w\" sizes=\"(max-width: 1024px) 100vw, 1024px\" \/><\/a>   <\/div><\/div>[\/vc_column][\/vc_row][vc_row][vc_column width=&#8221;1\/2&#8243;]<div class=\"grve-element grve-image grve-align-center\" style=\"margin-bottom: 8%;\">  <div class=\"grve-image-wrapper\"><a class=\"grve-image-popup\" href=\"https:\/\/www.tendentcia.es\/wp-content\/uploads\/2021\/04\/IMG_3491x.jpg\"><img width=\"1024\" height=\"683\" src=\"https:\/\/www.tendentcia.es\/wp-content\/uploads\/2021\/04\/IMG_3491x.jpg\" class=\"attachment-full size-full\" alt=\"\" loading=\"lazy\" srcset=\"https:\/\/www.tendentcia.es\/wp-content\/uploads\/2021\/04\/IMG_3491x.jpg 1024w, https:\/\/www.tendentcia.es\/wp-content\/uploads\/2021\/04\/IMG_3491x-300x200.jpg 300w, https:\/\/www.tendentcia.es\/wp-content\/uploads\/2021\/04\/IMG_3491x-768x512.jpg 768w\" sizes=\"(max-width: 1024px) 100vw, 1024px\" \/><\/a>   <\/div><\/div>[\/vc_column][vc_column width=&#8221;1\/2&#8243;]<div class=\"grve-element grve-image grve-align-center\" style=\"margin-bottom: 8%;\">  <div class=\"grve-image-wrapper\"><a class=\"grve-image-popup\" href=\"https:\/\/www.tendentcia.es\/wp-content\/uploads\/2021\/04\/IMG_3354x.jpg\"><img width=\"1024\" height=\"683\" src=\"https:\/\/www.tendentcia.es\/wp-content\/uploads\/2021\/04\/IMG_3354x.jpg\" class=\"attachment-full size-full\" alt=\"\" loading=\"lazy\" srcset=\"https:\/\/www.tendentcia.es\/wp-content\/uploads\/2021\/04\/IMG_3354x.jpg 1024w, https:\/\/www.tendentcia.es\/wp-content\/uploads\/2021\/04\/IMG_3354x-300x200.jpg 300w, https:\/\/www.tendentcia.es\/wp-content\/uploads\/2021\/04\/IMG_3354x-768x512.jpg 768w\" sizes=\"(max-width: 1024px) 100vw, 1024px\" \/><\/a>   <\/div><\/div>[\/vc_column][\/vc_row][vc_row][vc_column width=&#8221;1\/2&#8243;]<div class=\"grve-element grve-image grve-align-center\" style=\"margin-bottom: 8%;\">  <div class=\"grve-image-wrapper\"><a class=\"grve-image-popup\" href=\"https:\/\/www.tendentcia.es\/wp-content\/uploads\/2021\/04\/IMG_3359x.jpg\"><img width=\"1024\" height=\"683\" src=\"https:\/\/www.tendentcia.es\/wp-content\/uploads\/2021\/04\/IMG_3359x.jpg\" class=\"attachment-full size-full\" alt=\"\" loading=\"lazy\" srcset=\"https:\/\/www.tendentcia.es\/wp-content\/uploads\/2021\/04\/IMG_3359x.jpg 1024w, https:\/\/www.tendentcia.es\/wp-content\/uploads\/2021\/04\/IMG_3359x-300x200.jpg 300w, https:\/\/www.tendentcia.es\/wp-content\/uploads\/2021\/04\/IMG_3359x-768x512.jpg 768w\" sizes=\"(max-width: 1024px) 100vw, 1024px\" \/><\/a>   <\/div><\/div>[\/vc_column][vc_column width=&#8221;1\/2&#8243;]<div class=\"grve-element grve-image grve-align-center\" style=\"margin-bottom: 8%;\">  <div class=\"grve-image-wrapper\"><a class=\"grve-image-popup\" href=\"https:\/\/www.tendentcia.es\/wp-content\/uploads\/2021\/04\/IMG_3405x.jpg\"><img width=\"1024\" height=\"683\" src=\"https:\/\/www.tendentcia.es\/wp-content\/uploads\/2021\/04\/IMG_3405x.jpg\" class=\"attachment-full size-full\" alt=\"\" loading=\"lazy\" srcset=\"https:\/\/www.tendentcia.es\/wp-content\/uploads\/2021\/04\/IMG_3405x.jpg 1024w, https:\/\/www.tendentcia.es\/wp-content\/uploads\/2021\/04\/IMG_3405x-300x200.jpg 300w, https:\/\/www.tendentcia.es\/wp-content\/uploads\/2021\/04\/IMG_3405x-768x512.jpg 768w\" sizes=\"(max-width: 1024px) 100vw, 1024px\" \/><\/a>   <\/div><\/div>[\/vc_column][\/vc_row][vc_row][vc_column width=&#8221;1\/2&#8243;]<div class=\"grve-element grve-image grve-align-center\" style=\"margin-bottom: 8%;\">  <div class=\"grve-image-wrapper\"><a class=\"grve-image-popup\" href=\"https:\/\/www.tendentcia.es\/wp-content\/uploads\/2021\/04\/IMG_3395x.jpg\"><img width=\"1024\" height=\"683\" src=\"https:\/\/www.tendentcia.es\/wp-content\/uploads\/2021\/04\/IMG_3395x.jpg\" class=\"attachment-full size-full\" alt=\"\" loading=\"lazy\" srcset=\"https:\/\/www.tendentcia.es\/wp-content\/uploads\/2021\/04\/IMG_3395x.jpg 1024w, https:\/\/www.tendentcia.es\/wp-content\/uploads\/2021\/04\/IMG_3395x-300x200.jpg 300w, https:\/\/www.tendentcia.es\/wp-content\/uploads\/2021\/04\/IMG_3395x-768x512.jpg 768w\" sizes=\"(max-width: 1024px) 100vw, 1024px\" \/><\/a>   <\/div><\/div>[\/vc_column][vc_column width=&#8221;1\/2&#8243;]<div class=\"grve-element grve-image grve-align-center\" style=\"margin-bottom: 8%;\">  <div class=\"grve-image-wrapper\"><a class=\"grve-image-popup\" href=\"https:\/\/www.tendentcia.es\/wp-content\/uploads\/2021\/04\/IMG_3400x.jpg\"><img width=\"1024\" height=\"683\" src=\"https:\/\/www.tendentcia.es\/wp-content\/uploads\/2021\/04\/IMG_3400x.jpg\" class=\"attachment-full size-full\" alt=\"\" loading=\"lazy\" srcset=\"https:\/\/www.tendentcia.es\/wp-content\/uploads\/2021\/04\/IMG_3400x.jpg 1024w, https:\/\/www.tendentcia.es\/wp-content\/uploads\/2021\/04\/IMG_3400x-300x200.jpg 300w, https:\/\/www.tendentcia.es\/wp-content\/uploads\/2021\/04\/IMG_3400x-768x512.jpg 768w\" sizes=\"(max-width: 1024px) 100vw, 1024px\" \/><\/a>   <\/div><\/div>[\/vc_column][\/vc_row][vc_row][vc_column width=&#8221;1\/3&#8243;]<div class=\"grve-element grve-image grve-animated-item grve-duration-normal grve-fade-in-up grve-align-center\" style=\"margin-bottom: 8%;\" data-delay=\"200\">  <div class=\"grve-image-wrapper\"><a class=\"grve-image-popup\" href=\"https:\/\/www.tendentcia.es\/wp-content\/uploads\/2021\/04\/IMG_3348xx.jpg\"><img width=\"1024\" height=\"700\" src=\"https:\/\/www.tendentcia.es\/wp-content\/uploads\/2021\/04\/IMG_3348xx.jpg\" class=\"attachment-full size-full\" alt=\"\" loading=\"lazy\" srcset=\"https:\/\/www.tendentcia.es\/wp-content\/uploads\/2021\/04\/IMG_3348xx.jpg 1024w, https:\/\/www.tendentcia.es\/wp-content\/uploads\/2021\/04\/IMG_3348xx-300x205.jpg 300w, https:\/\/www.tendentcia.es\/wp-content\/uploads\/2021\/04\/IMG_3348xx-768x525.jpg 768w\" sizes=\"(max-width: 1024px) 100vw, 1024px\" \/><\/a>   <\/div><\/div>[\/vc_column][vc_column width=&#8221;1\/3&#8243;]<div class=\"grve-element grve-image grve-animated-item grve-duration-normal grve-fade-in-up grve-align-center\" style=\"margin-bottom: 8%;\" data-delay=\"200\">  <div class=\"grve-image-wrapper\"><a class=\"grve-image-popup\" href=\"https:\/\/www.tendentcia.es\/wp-content\/uploads\/2021\/04\/IMG_3440x.jpg\"><img width=\"1024\" height=\"683\" src=\"https:\/\/www.tendentcia.es\/wp-content\/uploads\/2021\/04\/IMG_3440x.jpg\" class=\"attachment-full size-full\" alt=\"\" loading=\"lazy\" srcset=\"https:\/\/www.tendentcia.es\/wp-content\/uploads\/2021\/04\/IMG_3440x.jpg 1024w, https:\/\/www.tendentcia.es\/wp-content\/uploads\/2021\/04\/IMG_3440x-300x200.jpg 300w, https:\/\/www.tendentcia.es\/wp-content\/uploads\/2021\/04\/IMG_3440x-768x512.jpg 768w\" sizes=\"(max-width: 1024px) 100vw, 1024px\" \/><\/a>   <\/div><\/div>[\/vc_column][vc_column width=&#8221;1\/3&#8243;]<div class=\"grve-element grve-image grve-animated-item grve-duration-normal grve-fade-in-up grve-align-center\" style=\"margin-bottom: 8%;\" data-delay=\"200\">  <div class=\"grve-image-wrapper\"><a class=\"grve-image-popup\" href=\"https:\/\/www.tendentcia.es\/wp-content\/uploads\/2021\/04\/IMG_3452.jpg\"><img width=\"1024\" height=\"683\" src=\"https:\/\/www.tendentcia.es\/wp-content\/uploads\/2021\/04\/IMG_3452.jpg\" class=\"attachment-full size-full\" alt=\"\" loading=\"lazy\" srcset=\"https:\/\/www.tendentcia.es\/wp-content\/uploads\/2021\/04\/IMG_3452.jpg 1024w, https:\/\/www.tendentcia.es\/wp-content\/uploads\/2021\/04\/IMG_3452-300x200.jpg 300w, https:\/\/www.tendentcia.es\/wp-content\/uploads\/2021\/04\/IMG_3452-768x512.jpg 768w\" sizes=\"(max-width: 1024px) 100vw, 1024px\" \/><\/a>   <\/div><\/div>[\/vc_column][\/vc_row]<\/p>\n","protected":false},"excerpt":{"rendered":"<p>[vc_row padding_bottom_multiplier=&#8221;&#8221;][vc_column][\/vc_column][\/vc_row][vc_row padding_top_multiplier=&#8221;4x&#8221; padding_bottom_multiplier=&#8221;3x&#8221;][vc_column width=&#8221;1\/4&#8243; tablet_sm_width=&#8221;hide&#8221; mobile_width=&#8221;hide&#8221;][\/vc_column][vc_column width=&#8221;1\/2&#8243;][vc_column_text] Estem compromesos amb l&#8217;excel\u00b7l\u00e8ncia per a establir una relaci\u00f3 duradora basada en la confian\u00e7a i el bon tracte. Utilitzem els millors equips i els millors materials disponibles. [\/vc_column_text][\/vc_column][vc_column width=&#8221;1\/4&#8243;][\/vc_column][\/vc_row][vc_row][vc_column width=&#8221;1\/2&#8243;][\/vc_column][vc_column width=&#8221;1\/2&#8243;][\/vc_column][\/vc_row][vc_row][vc_column width=&#8221;1\/3&#8243;][\/vc_column][vc_column width=&#8221;1\/3&#8243;][\/vc_column][vc_column width=&#8221;1\/3&#8243;][\/vc_column][\/vc_row][vc_row][vc_column width=&#8221;1\/2&#8243;][\/vc_column][vc_column width=&#8221;1\/2&#8243;][\/vc_column][\/vc_row][vc_row][vc_column width=&#8221;1\/2&#8243;][\/vc_column][vc_column width=&#8221;1\/2&#8243;][\/vc_column][\/vc_row][vc_row][vc_column width=&#8221;1\/2&#8243;][\/vc_column][vc_column width=&#8221;1\/2&#8243;][\/vc_column][\/vc_row][vc_row][vc_column width=&#8221;1\/3&#8243;][\/vc_column][vc_column width=&#8221;1\/3&#8243;][\/vc_column][vc_column width=&#8221;1\/3&#8243;][\/vc_column][\/vc_row]<\/p>\n","protected":false},"author":1,"featured_media":0,"parent":0,"menu_order":0,"comment_status":"closed","ping_status":"closed","template":"","meta":[],"_links":{"self":[{"href":"https:\/\/www.tendentcia.es\/ca\/wp-json\/wp\/v2\/pages\/3455"}],"collection":[{"href":"https:\/\/www.tendentcia.es\/ca\/wp-json\/wp\/v2\/pages"}],"about":[{"href":"https:\/\/www.tendentcia.es\/ca\/wp-json\/wp\/v2\/types\/page"}],"author":[{"embeddable":true,"href":"https:\/\/www.tendentcia.es\/ca\/wp-json\/wp\/v2\/users\/1"}],"replies":[{"embeddable":true,"href":"https:\/\/www.tendentcia.es\/ca\/wp-json\/wp\/v2\/comments?post=3455"}],"version-history":[{"count":5,"href":"https:\/\/www.tendentcia.es\/ca\/wp-json\/wp\/v2\/pages\/3455\/revisions"}],"predecessor-version":[{"id":3509,"href":"https:\/\/www.tendentcia.es\/ca\/wp-json\/wp\/v2\/pages\/3455\/revisions\/3509"}],"wp:attachment":[{"href":"https:\/\/www.tendentcia.es\/ca\/wp-json\/wp\/v2\/media?parent=3455"}],"curies":[{"name":"wp","href":"https:\/\/api.w.org\/{rel}","templated":true}]}}