{"id":3458,"date":"2021-05-13T10:21:19","date_gmt":"2021-05-13T10:21:19","guid":{"rendered":"https:\/\/effortsl.net\/clientes\/tendentcia\/?page_id=3458"},"modified":"2025-09-09T12:26:40","modified_gmt":"2025-09-09T12:26:40","slug":"professionals","status":"publish","type":"page","link":"https:\/\/www.tendentcia.es\/ca\/professionals\/","title":{"rendered":"Professionals"},"content":{"rendered":"<p>[vc_row desktop_visibility=&#8221;hide&#8221;][vc_column]<div class=\"grve-empty-space grve-height-4x\" style=\"\"><\/div>[\/vc_column][\/vc_row][vc_row padding_top_multiplier=&#8221;custom&#8221; padding_bottom_multiplier=&#8221;&#8221; padding_top=&#8221;12%&#8221;][vc_column]<div class=\"grve-element grve-image grve-clipping-down grve-clipping-animation grve-align-center grve-full-image grve-image-space-100\" style=\"\" data-delay=\"600\">  <div class=\"grve-image-wrapper\"><img width=\"1024\" height=\"576\" src=\"https:\/\/www.tendentcia.es\/wp-content\/uploads\/2021\/05\/Slider-Tendentcia-3-1024x576.jpg\" class=\"attachment-large size-large\" alt=\"\" loading=\"lazy\" srcset=\"https:\/\/www.tendentcia.es\/wp-content\/uploads\/2021\/05\/Slider-Tendentcia-3-1024x576.jpg 1024w, https:\/\/www.tendentcia.es\/wp-content\/uploads\/2021\/05\/Slider-Tendentcia-3-300x169.jpg 300w, https:\/\/www.tendentcia.es\/wp-content\/uploads\/2021\/05\/Slider-Tendentcia-3-768x432.jpg 768w, https:\/\/www.tendentcia.es\/wp-content\/uploads\/2021\/05\/Slider-Tendentcia-3-1536x864.jpg 1536w, https:\/\/www.tendentcia.es\/wp-content\/uploads\/2021\/05\/Slider-Tendentcia-3-1170x658.jpg 1170w, https:\/\/www.tendentcia.es\/wp-content\/uploads\/2021\/05\/Slider-Tendentcia-3.jpg 1920w\" sizes=\"(max-width: 1024px) 100vw, 1024px\" \/>   <\/div><\/div>[\/vc_column][vc_column column_custom_position=&#8221;yes&#8221; position_top=&#8221;minus-3x&#8221; position_left=&#8221;minus-3x&#8221; width=&#8221;1\/3&#8243; tablet_width=&#8221;1-2&#8243; tablet_sm_width=&#8221;1-2&#8243; tablet_landscape_column_positions=&#8221;none&#8221; tablet_portrait_column_positions=&#8221;none&#8221; mobile_column_positions=&#8221;none&#8221; heading_color=&#8221;light&#8221; clipping_animation=&#8221;colored-clipping-up&#8221; animation_delay=&#8221;1000&#8243; css=&#8221;.vc_custom_1620558712123{padding-top: 17% !important;padding-right: 17% !important;padding-bottom: 17% !important;padding-left: 17% !important;background-color: #9bcc45 !important;}&#8221; font_color=&#8221;rgba(255,255,255,0.91)&#8221;]<div class=\"grve-element grve-slogan grve-align-left\" style=\"\"><div class=\"grve-subtitle\">Som un<\/div><h1 class=\"grve-slogan-title grve-align-left grve-h4\"><span>Equip Compacte<\/span><\/h1>  <p class=\"\">Sense rotacions i ben encaixat que fa que, visita rere visita, et sentis com a casa.<\/p><div class=\"grve-btn-wrapper\"><a href=\"https:\/\/www.tendentcia.es\/ca\/contacte\/\" class=\"grve-btn grve-btn-medium grve-shadow-medium grve-round grve-bg-white grve-bg-hover-black\"><span>Contacta<\/span><\/a><\/div><\/div>[\/vc_column][vc_column width=&#8221;1\/4&#8243; tablet_width=&#8221;hide&#8221; tablet_sm_width=&#8221;hide&#8221; mobile_width=&#8221;hide&#8221;][\/vc_column][vc_column width=&#8221;5\/12&#8243; tablet_sm_width=&#8221;1-2&#8243;][vc_row_inner][vc_column_inner width=&#8221;1\/2&#8243; tablet_sm_width=&#8221;1&#8243;]<div class=\"grve-empty-space grve-height-3x\" style=\"\"><\/div><h3 class=\"grve-element grve-title grve-align-left grve-animated-item grve-duration-very-slow grve-fade-in-up grve-h6\" style=\"\" data-delay=\"2000\"><span>Professionals<\/span><\/h3>[vc_column_text animation=&#8221;grve-fade-in-up&#8221; animation_delay=&#8221;2100&#8243; animation_duration=&#8221;very-slow&#8221;]Estem compromesos amb l&#8217;excel\u00b7l\u00e8ncia. Utilitzem els millors equips i els millors materials disponibles.[\/vc_column_text][\/vc_column_inner][vc_column_inner width=&#8221;1\/2&#8243; tablet_sm_width=&#8221;1&#8243;]<div class=\"grve-empty-space grve-height-3x\" style=\"\"><\/div><h3 class=\"grve-element grve-title grve-align-left grve-animated-item grve-duration-very-slow grve-fade-in-up grve-h6\" style=\"\" data-delay=\"2200\"><span>Pr\u00f2xims<\/span><\/h3>[vc_column_text animation=&#8221;grve-fade-in-up&#8221; animation_delay=&#8221;2300&#8243; animation_duration=&#8221;very-slow&#8221;]Desitgem establir una relaci\u00f3 duradora basada en la confian\u00e7a, amb un tracte sincer i personalitzat.[\/vc_column_text]<div class=\"grve-empty-space grve-height-5x\" style=\"\"><\/div>[\/vc_column_inner][\/vc_row_inner][\/vc_column][\/vc_row][vc_row heading_color=&#8221;light&#8221; bg_type=&#8221;color&#8221; padding_top_multiplier=&#8221;6x&#8221; padding_bottom_multiplier=&#8221;5x&#8221; columns_gap=&#8221;none&#8221; font_color=&#8221;#ffffff&#8221; bg_color=&#8221;#f7f7f7&#8243;][vc_column width=&#8221;5\/12&#8243; css=&#8221;.vc_custom_1619516257088{margin-top: -30px !important;}&#8221;]<h1 class=\"grve-element grve-title grve-align-left grve-animated-item grve-duration-normal grve-fade-in-left grve-h4\" style=\"\" data-delay=\"200\"><span><br>\n<h1><span style=\"color: #000000;\">Equip<\/span><br \/>\n<span style=\"color: #000000;\">Qualificat<\/span><\/h1>\n<\/span><\/h1><div class=\"grve-element grve-divider grve-align-left\" style=\"padding-top: 5%;padding-bottom: 5%;\"><span class=\"grve-custom-divider grve-bg-primary-1\" style=\"width: 20px;height: 2px;\"><\/span><\/div><div class=\"grve-empty-space\" style=\"height: 0.5px;\"><\/div>[\/vc_column][vc_column width=&#8221;1\/12&#8243;][\/vc_column][vc_column width=&#8221;1\/2&#8243;]<h2 class=\"grve-element grve-title grve-align-left grve-animated-item grve-duration-normal grve-fade-in-left grve-h6\" style=\"\" data-delay=\"200\"><span><br>\n<h2 class=\"grve-element grve-title grve-align-left grve-h6 grve-increase-heading grve-heading-160\"><span style=\"color: #000000;\">Equip M\u00e8dic i Assistencial<\/span><\/h2>\n<\/span><\/h2>[vc_column_text animation=&#8221;grve-fade-in-right&#8221;]<span style=\"color: #000000;\">L&#8217;equip m\u00e8dic i assistencial de\u00a0Tendentcia\u00a0cl\u00ednica dental, t\u00e9 un comprom\u00eds amb la salut; un dels nostres punts clau, que fan singular la nostra cl\u00ednica \u00e9s l&#8217;equip hum\u00e0, especialistes en rehabilitaci\u00f3 oral amb un entrenament avan\u00e7at i en constant formaci\u00f3 continuada. Estem compromesos amb l&#8217;excel\u00b7l\u00e8ncia. Utilitzem els millors equips i els millors materials disponibles.<\/span><br \/>\n<span style=\"color: #000000;\">D&#8217;igual manera els nostres t\u00e8cnics de laboratori segueixen el nostre comprom\u00eds de qualitat.<\/span>[\/vc_column_text]<div class=\"grve-empty-space grve-height-1x\" style=\"\"><\/div><div class=\"grve-element grve-align-left grve-animated-item grve-fade-in-up grve-duration-normal\" data-delay=\"600\"><a href=\"https:\/\/www.tendentcia.es\/ca\/tractaments\/\" class=\"grve-btn grve-btn-medium grve-btn-underline grve-text-primary-1 grve-text-hover-primary-1\"><span>Veure Tractaments<span class=\"grve-btn-bottom-line grve-bg-primary-1\"><\/span><\/span><\/a><\/div>[\/vc_column][\/vc_row][vc_row padding_top_multiplier=&#8221;3x&#8221; padding_bottom_multiplier=&#8221;&#8221;][vc_column]<h1 class=\"grve-element grve-title grve-align-center grve-h3\" style=\"\"><span><br>\n<h1>Nosaltres<\/h1>\n<\/span><\/h1><div class=\"grve-element grve-divider grve-align-center\" style=\"padding-top: 2%;padding-bottom: 4%;\"><span class=\"grve-custom-divider grve-bg-primary-1\" style=\"width: 20px;height: 2px;\"><\/span><\/div>[\/vc_column][\/vc_row][vc_row padding_top_multiplier=&#8221;&#8221; padding_bottom_multiplier=&#8221;&#8221;][vc_column width=&#8221;1\/3&#8243; css=&#8221;.vc_custom_1618995260141{padding-top: 15% !important;padding-right: 15% !important;padding-bottom: 5% !important;padding-left: 15% !important;}&#8221;]<h3 class=\"grve-element grve-title grve-align-left grve-small-text\" style=\"\"><span><span class=\"grve-text-primary-1\">COEC 3387<\/span><\/span><\/h3><h2 class=\"grve-element grve-title grve-align-left grve-h5\" style=\"\"><span>Silvia Marqu\u00e9s Aguar\u00f3n<\/span><\/h2><div class=\"grve-element grve-divider grve-align-left\" style=\"padding-top: 2%;padding-bottom: 7%;\"><span class=\"grve-custom-divider grve-bg-primary-1\" style=\"width: 20px;height: 2px;\"><\/span><\/div>[vc_column_text]Direcci\u00f3 M\u00e8dica de\u00a0Tendentcia\u00a0Clinica\u00a0Dental<br \/>\nLlicenciada en Odontologia per la Universitat de Barcelona (UB)<br \/>\nDiploma implantologia per la UAB<br \/>\nM\u00e0ster d&#8217;Oclusi\u00f3 i Rehabilitaci\u00f3 Oral per la Universitat de Barcelona (UB)[\/vc_column_text][\/vc_column][vc_column width=&#8221;1\/3&#8243; css=&#8221;.vc_custom_1507882612310{padding: 15% !important;}&#8221;]<h3 class=\"grve-element grve-title grve-align-left grve-small-text\" style=\"\"><span><span class=\"grve-text-primary-1\">COEC 3425<\/span><\/span><\/h3><h2 class=\"grve-element grve-title grve-align-left grve-h5\" style=\"\"><span>Sara Palau de Mateo<\/span><\/h2><div class=\"grve-element grve-divider grve-align-left\" style=\"padding-top: 2%;padding-bottom: 7%;\"><span class=\"grve-custom-divider grve-bg-primary-1\" style=\"width: 20px;height: 2px;\"><\/span><\/div>[vc_column_text]Llicenciada en Odontologia per la Universitat de Barcelona (UB)<br \/>\nM\u00e0ster d&#8217;Oclusi\u00f3 i Rehabilitaci\u00f3 Oral per la Universitat de Barcelona (UB)<br \/>\nPostgrau Ortod\u00f2ncia i\u00a0APM\u00a0M\u00e0ster d&#8217;Ortod\u00f2ncia\u00a0DAMON[\/vc_column_text][\/vc_column][vc_column width=&#8221;1\/3&#8243; css=&#8221;.vc_custom_1618995244832{padding-top: 15% !important;padding-right: 15% !important;padding-bottom: 5% !important;padding-left: 15% !important;}&#8221;]<h3 class=\"grve-element grve-title grve-align-left grve-small-text\" style=\"\"><span><span class=\"grve-text-primary-1\">COEC 4952<\/span><\/span><\/h3><h2 class=\"grve-element grve-title grve-align-left grve-h5\" style=\"\"><span>Llu\u00eds Contreras Coy<\/span><\/h2><div class=\"grve-element grve-divider grve-align-left\" style=\"padding-top: 2%;padding-bottom: 7%;\"><span class=\"grve-custom-divider grve-bg-primary-1\" style=\"width: 20px;height: 2px;\"><\/span><\/div>[vc_column_text]M\u00e0ster en Gesti\u00f3 de Teixits Tous al voltant de les Dents i els Implants. Universitat de Bolonya, It\u00e0lia<br \/>\nM\u00e0ster en Endod\u00f2ncia. Universitat Internacional de Catalunya, Espanya<br \/>\nM\u00e0ster en Period\u00f2ncia Integral per CG Formaci\u00f3 Continuada, Espanya<br \/>\nPostgrau en Est\u00e8tica Dental Avan\u00e7ada per la SCOE, Espanya<br \/>\nLlicenciat en Odontologia per la Universitat Internacional de Catalunya, Espanya<br \/>\nMembre de SEPA[\/vc_column_text][\/vc_column][\/vc_row][vc_row padding_top_multiplier=&#8221;&#8221; padding_bottom_multiplier=&#8221;3x&#8221;][vc_column width=&#8221;1\/3&#8243; css=&#8221;.vc_custom_1620893647909{padding-top: 15% !important;padding-right: 15% !important;padding-bottom: 15% !important;padding-left: 15% !important;}&#8221;]<h3 class=\"grve-element grve-title grve-align-left grve-small-text\" style=\"\"><span><span class=\"grve-text-primary-1\">COEC 7182<\/span><\/span><\/h3><h2 class=\"grve-element grve-title grve-align-left grve-h5\" style=\"\"><span>Alexia Moreno Lizarriturry<\/span><\/h2><div class=\"grve-element grve-divider grve-align-left\" style=\"padding-top: 2%;padding-bottom: 7%;\"><span class=\"grve-custom-divider grve-bg-primary-1\" style=\"width: 20px;height: 2px;\"><\/span><\/div>[vc_column_text]Llicenciada en\u00a0Odontologia. Universitat Internacional de Catalunya<br \/>\nPostgrau de rehabilitaci\u00f3 Est\u00e8tica M\u00ednimament Invasiva. Societat Catalana d&#8217;odontologia i Estomatologia[\/vc_column_text][\/vc_column][vc_column width=&#8221;1\/3&#8243; css=&#8221;.vc_custom_1618995260141{padding-top: 15% !important;padding-right: 15% !important;padding-bottom: 5% !important;padding-left: 15% !important;}&#8221;]<h3 class=\"grve-element grve-title grve-align-left grve-small-text\" style=\"\"><span><span class=\"grve-text-primary-1\">COEC 3610<\/span><\/span><\/h3><h2 class=\"grve-element grve-title grve-align-left grve-h5\" style=\"\"><span>Vicen\u00e7 Esteller Martinez<\/span><\/h2><div class=\"grve-element grve-divider grve-align-left\" style=\"padding-top: 2%;padding-bottom: 7%;\"><span class=\"grve-custom-divider grve-bg-primary-1\" style=\"width: 20px;height: 2px;\"><\/span><\/div>[vc_column_text]Llicenciat en Odontologia per la Universitat de Barcelona (UB)<br \/>\nM\u00e0ster en Cirurgia Bucal i Implantologia Bucal per la Universitat de Barcelona (UB)[\/vc_column_text][\/vc_column][vc_column width=&#8221;1\/3&#8243; css=&#8221;.vc_custom_1507882612310{padding: 15% !important;}&#8221;]<h3 class=\"grve-element grve-title grve-align-left grve-small-text\" style=\"\"><span><span class=\"grve-text-primary-1\">CODS 3500<\/span><\/span><\/h3><h2 class=\"grve-element grve-title grve-align-left grve-h5\" style=\"\"><span>Gonzalo de la Iglesia Beyme<\/span><\/h2><div class=\"grve-element grve-divider grve-align-left\" style=\"padding-top: 2%;padding-bottom: 7%;\"><span class=\"grve-custom-divider grve-bg-primary-1\" style=\"width: 20px;height: 2px;\"><\/span><\/div>[vc_column_text]Llicenciat en odontologia Universitat internacional de catalunya<br \/>\nM\u00e0ster en Ortod\u00f2ncia i Ortop\u00e8dia multidisciplinar Universitat de Sevilla[\/vc_column_text][\/vc_column][\/vc_row][vc_row bg_type=&#8221;color&#8221; padding_top_multiplier=&#8221;&#8221; padding_bottom_multiplier=&#8221;4x&#8221; bg_color=&#8221;#ffffff&#8221;][vc_column width=&#8221;1\/4&#8243; css=&#8221;.vc_custom_1618996167966{padding-bottom: 8% !important;}&#8221;]<div class=\"grve-element grve-box-icon grve-medium grve-top-icon grve-align-center\" style=\"margin-bottom: 2xpx;\"><div class=\"grve-image-icon\"><img src=\"https:\/\/www.tendentcia.es\/wp-content\/uploads\/2021\/04\/Confianza_iconsvg_Mesa-de-trabajo-1-copia.svg\" class=\"attachment-full size-full\" alt=\"\" loading=\"lazy\" \/><\/div><div class=\"grve-box-content\"><\/div><\/div><h2 class=\"grve-element grve-title grve-align-center grve-h5\" style=\"\"><span>Natalia Heredia<\/span><\/h2><h6 class=\"grve-element grve-title grve-align-center grve-small-text\" style=\"\"><span><span class=\"grve-text-primary-1\">Auxiliar<\/span><\/span><\/h6>[vc_column_text]<\/p>\n<p style=\"text-align: center;\">Higienista Dental<\/p>\n<p>[\/vc_column_text][\/vc_column][vc_column width=&#8221;1\/4&#8243; css=&#8221;.vc_custom_1618996187569{padding-bottom: 8% !important;}&#8221;]<div class=\"grve-element grve-box-icon grve-medium grve-top-icon grve-align-center\" style=\"margin-bottom: 2xpx;\"><div class=\"grve-image-icon\"><img src=\"https:\/\/www.tendentcia.es\/wp-content\/uploads\/2021\/04\/Confianza_iconsvg_Mesa-de-trabajo-1-copia.svg\" class=\"attachment-full size-full\" alt=\"\" loading=\"lazy\" \/><\/div><div class=\"grve-box-content\"><\/div><\/div><h2 class=\"grve-element grve-title grve-align-center grve-h5\" style=\"\"><span>Laura And\u00fajar<\/span><\/h2><h6 class=\"grve-element grve-title grve-align-center grve-small-text\" style=\"\"><span><span class=\"grve-text-primary-1\">Auxiliar<\/span><\/span><\/h6>[vc_column_text]<\/p>\n<p style=\"text-align: center;\">Higienista Dental<\/p>\n<p>[\/vc_column_text][\/vc_column][vc_column width=&#8221;1\/4&#8243; css=&#8221;.vc_custom_1618996176963{padding-bottom: 8% !important;}&#8221;]<div class=\"grve-element grve-box-icon grve-medium grve-top-icon grve-align-center\" style=\"margin-bottom: 2xpx;\"><div class=\"grve-image-icon\"><img src=\"https:\/\/www.tendentcia.es\/wp-content\/uploads\/2021\/04\/Confianza_iconsvg_Mesa-de-trabajo-1-copia.svg\" class=\"attachment-full size-full\" alt=\"\" loading=\"lazy\" \/><\/div><div class=\"grve-box-content\"><\/div><\/div><h2 class=\"grve-element grve-title grve-align-center grve-h5\" style=\"\"><span>Lis Guaramaina<\/span><\/h2><h6 class=\"grve-element grve-title grve-align-center grve-small-text\" style=\"\"><span><span class=\"grve-text-primary-1\">Auxiliar<\/span><\/span><\/h6>[vc_column_text]<\/p>\n<p style=\"text-align: center;\">Higienista Dental<\/p>\n<p>[\/vc_column_text][\/vc_column][vc_column width=&#8221;1\/4&#8243;]<div class=\"grve-element grve-box-icon grve-medium grve-top-icon grve-align-center\" style=\"margin-bottom: 2xpx;\"><div class=\"grve-image-icon\"><img src=\"https:\/\/www.tendentcia.es\/wp-content\/uploads\/2021\/04\/Confianza_iconsvg_Mesa-de-trabajo-1-copia.svg\" class=\"attachment-full size-full\" alt=\"\" loading=\"lazy\" \/><\/div><div class=\"grve-box-content\"><\/div><\/div><h2 class=\"grve-element grve-title grve-align-center grve-h5\" style=\"\"><span>Ana Rubio Barcel\u00f3<\/span><\/h2><h6 class=\"grve-element grve-title grve-align-center grve-small-text\" style=\"\"><span><span class=\"grve-text-primary-1\">Auxiliar<\/span><\/span><\/h6>[vc_column_text]<\/p>\n<p style=\"text-align: center;\">Auxiliar Dental<\/p>\n<p>[\/vc_column_text][\/vc_column][\/vc_row][vc_row bg_type=&#8221;color&#8221; padding_top_multiplier=&#8221;2x&#8221; padding_bottom_multiplier=&#8221;&#8221; bg_color=&#8221;#f7f7f7&#8243;][vc_column]<h1 class=\"grve-element grve-title grve-align-center grve-h3\" style=\"\"><span><br>\n<h1>Marques<\/h1>\n<\/span><\/h1><div class=\"grve-element grve-divider grve-align-center\" style=\"padding-top: 2%;padding-bottom: 3%;\"><span class=\"grve-custom-divider grve-bg-primary-1\" style=\"width: 20px;height: 2px;\"><\/span><\/div>[\/vc_column][\/vc_row][vc_row bg_type=&#8221;color&#8221; padding_top_multiplier=&#8221;&#8221; padding_bottom_multiplier=&#8221;3x&#8221; bg_color=&#8221;#f7f7f7&#8243;][vc_column width=&#8221;1\/5&#8243;]<div class=\"grve-element grve-image grve-align-center\" style=\"\">  <div class=\"grve-image-wrapper\"><img width=\"178\" height=\"100\" src=\"https:\/\/www.tendentcia.es\/wp-content\/uploads\/2021\/04\/Logo-Denimed.png\" class=\"attachment-medium size-medium\" alt=\"\" loading=\"lazy\" \/>   <\/div><\/div>[\/vc_column][vc_column width=&#8221;1\/5&#8243;]<div class=\"grve-element grve-image grve-align-center\" style=\"\">  <div class=\"grve-image-wrapper\"><img width=\"178\" height=\"100\" src=\"https:\/\/www.tendentcia.es\/wp-content\/uploads\/2021\/04\/Logo-Galimplant.png\" class=\"attachment-full size-full\" alt=\"\" loading=\"lazy\" \/>   <\/div><\/div>[\/vc_column][vc_column width=&#8221;1\/5&#8243;]<div class=\"grve-element grve-image grve-align-center\" style=\"\">  <div class=\"grve-image-wrapper\"><img width=\"178\" height=\"100\" src=\"https:\/\/www.tendentcia.es\/wp-content\/uploads\/2021\/04\/Logo-Gendex.png\" class=\"attachment-full size-full\" alt=\"\" loading=\"lazy\" \/>   <\/div><\/div>[\/vc_column][vc_column width=&#8221;1\/5&#8243;]<div class=\"grve-element grve-image grve-align-center\" style=\"\">  <div class=\"grve-image-wrapper\"><img width=\"178\" height=\"100\" src=\"https:\/\/www.tendentcia.es\/wp-content\/uploads\/2021\/04\/Logo-Proclinic.png\" class=\"attachment-full size-full\" alt=\"\" loading=\"lazy\" \/>   <\/div><\/div>[\/vc_column][vc_column width=&#8221;1\/5&#8243;]<div class=\"grve-element grve-image grve-align-center\" style=\"\">  <div class=\"grve-image-wrapper\"><img width=\"178\" height=\"100\" src=\"https:\/\/www.tendentcia.es\/wp-content\/uploads\/2021\/04\/Logo-Swident.png\" class=\"attachment-full size-full\" alt=\"\" loading=\"lazy\" \/>   <\/div><\/div>[\/vc_column][\/vc_row]<\/p>\n","protected":false},"excerpt":{"rendered":"<p>[vc_row desktop_visibility=&#8221;hide&#8221;][vc_column][\/vc_column][\/vc_row][vc_row padding_top_multiplier=&#8221;custom&#8221; padding_bottom_multiplier=&#8221;&#8221; padding_top=&#8221;12%&#8221;][vc_column][\/vc_column][vc_column column_custom_position=&#8221;yes&#8221; position_top=&#8221;minus-3x&#8221; position_left=&#8221;minus-3x&#8221; width=&#8221;1\/3&#8243; tablet_width=&#8221;1-2&#8243; tablet_sm_width=&#8221;1-2&#8243; tablet_landscape_column_positions=&#8221;none&#8221; tablet_portrait_column_positions=&#8221;none&#8221; mobile_column_positions=&#8221;none&#8221; heading_color=&#8221;light&#8221; clipping_animation=&#8221;colored-clipping-up&#8221; animation_delay=&#8221;1000&#8243; css=&#8221;.vc_custom_1620558712123{padding-top: 17% !important;padding-right: 17% !important;padding-bottom: 17% !important;padding-left: 17% !important;background-color: #9bcc45 !important;}&#8221; font_color=&#8221;rgba(255,255,255,0.91)&#8221;][\/vc_column][vc_column width=&#8221;1\/4&#8243; tablet_width=&#8221;hide&#8221; tablet_sm_width=&#8221;hide&#8221; mobile_width=&#8221;hide&#8221;][\/vc_column][vc_column width=&#8221;5\/12&#8243; tablet_sm_width=&#8221;1-2&#8243;][vc_row_inner][vc_column_inner width=&#8221;1\/2&#8243; tablet_sm_width=&#8221;1&#8243;][vc_column_text animation=&#8221;grve-fade-in-up&#8221; animation_delay=&#8221;2100&#8243; animation_duration=&#8221;very-slow&#8221;]Estem compromesos amb l&#8217;excel\u00b7l\u00e8ncia. Utilitzem els millors equips i els millors materials disponibles.[\/vc_column_text][\/vc_column_inner][vc_column_inner width=&#8221;1\/2&#8243; tablet_sm_width=&#8221;1&#8243;][vc_column_text animation=&#8221;grve-fade-in-up&#8221; [&hellip;]<\/p>\n","protected":false},"author":1,"featured_media":0,"parent":0,"menu_order":0,"comment_status":"closed","ping_status":"closed","template":"","meta":[],"_links":{"self":[{"href":"https:\/\/www.tendentcia.es\/ca\/wp-json\/wp\/v2\/pages\/3458"}],"collection":[{"href":"https:\/\/www.tendentcia.es\/ca\/wp-json\/wp\/v2\/pages"}],"about":[{"href":"https:\/\/www.tendentcia.es\/ca\/wp-json\/wp\/v2\/types\/page"}],"author":[{"embeddable":true,"href":"https:\/\/www.tendentcia.es\/ca\/wp-json\/wp\/v2\/users\/1"}],"replies":[{"embeddable":true,"href":"https:\/\/www.tendentcia.es\/ca\/wp-json\/wp\/v2\/comments?post=3458"}],"version-history":[{"count":18,"href":"https:\/\/www.tendentcia.es\/ca\/wp-json\/wp\/v2\/pages\/3458\/revisions"}],"predecessor-version":[{"id":3778,"href":"https:\/\/www.tendentcia.es\/ca\/wp-json\/wp\/v2\/pages\/3458\/revisions\/3778"}],"wp:attachment":[{"href":"https:\/\/www.tendentcia.es\/ca\/wp-json\/wp\/v2\/media?parent=3458"}],"curies":[{"name":"wp","href":"https:\/\/api.w.org\/{rel}","templated":true}]}}