{"id":3459,"date":"2021-05-13T10:21:23","date_gmt":"2021-05-13T10:21:23","guid":{"rendered":"https:\/\/effortsl.net\/clientes\/tendentcia\/?page_id=3459"},"modified":"2021-07-22T10:16:34","modified_gmt":"2021-07-22T10:16:34","slug":"tendentcia-clinica-dental-en-barcelona","status":"publish","type":"page","link":"https:\/\/www.tendentcia.es\/ca\/","title":{"rendered":"Tendentcia &#8211; Cl\u00ednica Dental a Barcelona"},"content":{"rendered":"<p>[vc_row section_full_height=&#8221;fullheight&#8221; padding_top_multiplier=&#8221;custom&#8221; padding_bottom_multiplier=&#8221;custom&#8221; padding_top=&#8221;12%&#8221; padding_bottom=&#8221;12%&#8221;][vc_column width=&#8221;5\/12&#8243; tablet_sm_width=&#8221;1-2&#8243; heading_color=&#8221;primary-1&#8243; z_index=&#8221;3&#8243;]<div class=\"grve-empty-space grve-height-2x\" style=\"\"><\/div><h1 class=\"grve-element grve-title grve-align-left grve-colored-clipping-left grve-colored-clipping grve-clipping-animation grve-h4 grve-increase-heading grve-heading-160\" style=\"margin-bottom: 0px;\" data-clipping-color=\"dark\" data-delay=\"400\"><span>Odontologia\u00a0Slow<br \/>\nrespectuosos amb la biologia i amb la dent.<\/span><\/h1>[vc_column_text animation=&#8221;grve-fade-in-up&#8221; animation_delay=&#8221;2000&#8243; animation_duration=&#8221;very-slow&#8221;]<\/p>\n<div class=\"contingut contingut-left col-sm-12 col-md-8\">\n<section class=\"formulari-eines contingut-section\">\n<form class=\"formulari form-horizontal\">\n<div class=\"traductor-textarea form-group\">\n<div class=\"textarea-desti col-xs-12 col-sm-6\">\n<div class=\"form-control second-textarea\">\n<div class=\"traductor-textarea form-group\">\n<div class=\"textarea-desti col-xs-12 col-sm-6\">\n<div class=\"form-control second-textarea\">Una odontologia calmada, dissenyada i elaborada a mesura de les necessitats dels nostres pacients.<\/div>\n<\/div>\n<\/div>\n<\/div>\n<\/div>\n<\/div>\n<\/form>\n<\/section>\n<\/div>\n<p>[\/vc_column_text]<div class=\"grve-empty-space grve-height-1x\" style=\"\"><\/div><div class=\"grve-element grve-align-left grve-animated-item grve-fade-in-up grve-duration-very-slow\" data-delay=\"2200\"><a href=\"https:\/\/www.tendentcia.es\/ca\/tractaments\/\" class=\"grve-btn grve-btn-medium grve-square grve-bg-black grve-bg-hover-primary-1\"><span>Veure Tractaments<\/span><\/a><\/div>[\/vc_column][vc_column width=&#8221;7\/12&#8243; tablet_sm_width=&#8221;1-2&#8243;]<div class=\"grve-element grve-image grve-clipping-right grve-clipping-animation grve-align-right grve-full-image grve-image-space-125\" style=\"\" data-delay=\"200\">  <div class=\"grve-image-wrapper\"><img width=\"768\" height=\"512\" src=\"https:\/\/www.tendentcia.es\/wp-content\/uploads\/2021\/05\/intalacions-768x512.jpg\" class=\"attachment-medium_large size-medium_large\" alt=\"\" loading=\"lazy\" srcset=\"https:\/\/www.tendentcia.es\/wp-content\/uploads\/2021\/05\/intalacions-768x512.jpg 768w, https:\/\/www.tendentcia.es\/wp-content\/uploads\/2021\/05\/intalacions-300x200.jpg 300w, https:\/\/www.tendentcia.es\/wp-content\/uploads\/2021\/05\/intalacions.jpg 1024w\" sizes=\"(max-width: 768px) 100vw, 768px\" \/>   <\/div><\/div>[\/vc_column][\/vc_row][vc_row heading_color=&#8221;dark&#8221; section_type=&#8221;fullwidth&#8221; bg_type=&#8221;color&#8221; padding_top_multiplier=&#8221;&#8221; padding_bottom_multiplier=&#8221;&#8221; columns_gap=&#8221;none&#8221; equal_column_height=&#8221;equal-column&#8221; font_color=&#8221;#0a0a0a&#8221; bg_color=&#8221;#ededed&#8221;][vc_column width=&#8221;1\/2&#8243; tablet_width=&#8221;2-3&#8243; tablet_sm_width=&#8221;1&#8243; css=&#8221;.vc_custom_1620125792288{padding-top: 14% !important;padding-right: 14% !important;padding-bottom: 14% !important;padding-left: 14% !important;background-color: #f7f7f7 !important;}&#8221;]<h3 class=\"grve-element grve-title grve-align-left grve-h3\" style=\"margin-bottom: 0px;\"><span>Som un equip especial en est\u00e8tica i rehabilitaci\u00f3<\/span><\/h3><div class=\"grve-element grve-divider grve-align-left\" style=\"padding-top: 5%;padding-bottom: 5%;\"><span class=\"grve-custom-divider grve-bg-primary-1\" style=\"width: 20px;height: 2px;\"><\/span><\/div>[vc_column_text]Oferim a tots i cadascun dels nostres pacients tots els tractaments i totes les especialitats de l&#8217;odontologia m\u00e9s moderna.<br \/>\nEstem compromesos amb l&#8217;excel\u00b7l\u00e8ncia i amb el bon tracte.[\/vc_column_text]<div class=\"grve-empty-space grve-height-2x\" style=\"\"><\/div><div class=\"grve-element grve-align-left\"><a href=\"https:\/\/www.tendentcia.es\/ca\/instalacions\/\" class=\"grve-btn grve-btn-medium grve-square grve-bg-primary-1 grve-bg-hover-black\"><span>Veure Instal\u00b7lacions<\/span><\/a><\/div>[\/vc_column][vc_column width=&#8221;1\/2&#8243; tablet_width=&#8221;1-3&#8243; tablet_sm_width=&#8221;1&#8243; css=&#8221;.vc_custom_1619645482204{padding-bottom: 30% !important;background-image: url(https:\/\/tendentcia.es\/wp-content\/uploads\/2021\/04\/Image-Home.jpg?id=3297) !important;background-position: center !important;background-repeat: no-repeat !important;background-size: cover !important;}&#8221;][\/vc_column][\/vc_row][vc_row padding_top_multiplier=&#8221;4x&#8221; padding_bottom_multiplier=&#8221;3x&#8221;][vc_column width=&#8221;1\/4&#8243; tablet_sm_width=&#8221;hide&#8221; mobile_width=&#8221;hide&#8221;][\/vc_column][vc_column width=&#8221;1\/2&#8243; tablet_sm_width=&#8221;1&#8243;]<h4 class=\"grve-element grve-title grve-align-center grve-animated-item grve-duration-normal grve-fade-in-up grve-h3\" style=\"\" data-delay=\"200\"><span>Missi\u00f3 i Valors<\/span><\/h4><div class=\"grve-element grve-divider grve-align-center\" style=\"padding-top: 5%;padding-bottom: 5%;\"><span class=\"grve-custom-divider grve-bg-primary-1\" style=\"width: 20px;height: 2px;\"><\/span><\/div>[vc_column_text]<\/p>\n<p style=\"text-align: center;\">Ens sentim orgullosos de tot el nostre equip i de l&#8217;esfor\u00e7 que fem per a ser millors cada dia. \u00c9s per aix\u00f2 que estem compromesos amb l&#8217;excel\u00b7l\u00e8ncia per a establir una relaci\u00f3 duradora basada en la confian\u00e7a i el bon tracte.<\/p>\n<p>[\/vc_column_text][\/vc_column][vc_column width=&#8221;1\/4&#8243; tablet_sm_width=&#8221;hide&#8221; mobile_width=&#8221;hide&#8221;][\/vc_column][vc_column]<div class=\"grve-empty-space grve-height-2x\" style=\"\"><\/div>[\/vc_column][vc_column width=&#8221;1\/4&#8243; tablet_sm_width=&#8221;1-2&#8243;]<div class=\"grve-empty-space grve-height-1x\" style=\"\"><\/div><div class=\"grve-element grve-box-icon grve-medium grve-top-icon grve-align-center grve-animated-item grve-zoom-in grve-duration-normal\" style=\"\" data-delay=\"400\"><div class=\"grve-image-icon\"><img src=\"https:\/\/www.tendentcia.es\/wp-content\/uploads\/2021\/04\/Confianza_iconsvg_Mesa-de-trabajo-1-copia.svg\" class=\"attachment-full size-full\" alt=\"\" loading=\"lazy\" \/><\/div><div class=\"grve-box-content\"><div class=\"grve-box-title-wrapper\"><h3 class=\"grve-box-title grve-h6\">Confian\u00e7a<\/h3><\/div><\/div><\/div><div class=\"grve-empty-space grve-height-1x\" style=\"\"><\/div>[\/vc_column][vc_column width=&#8221;1\/4&#8243; tablet_sm_width=&#8221;1-2&#8243;]<div class=\"grve-empty-space grve-height-1x\" style=\"\"><\/div><div class=\"grve-element grve-box-icon grve-medium grve-top-icon grve-align-center grve-animated-item grve-zoom-in grve-duration-normal\" style=\"\" data-delay=\"600\"><div class=\"grve-image-icon\"><img src=\"https:\/\/www.tendentcia.es\/wp-content\/uploads\/2021\/04\/Profesionalidad_Mesa-de-trabajo-1-copia-3.svg\" class=\"attachment-full size-full\" alt=\"\" loading=\"lazy\" \/><\/div><div class=\"grve-box-content\"><div class=\"grve-box-title-wrapper\"><h3 class=\"grve-box-title grve-h6\">Responsabilitat<\/h3><\/div><\/div><\/div><div class=\"grve-empty-space grve-height-1x\" style=\"\"><\/div>[\/vc_column][vc_column width=&#8221;1\/4&#8243; tablet_width=&#8221;1-2&#8243;]<div class=\"grve-empty-space grve-height-1x\" style=\"\"><\/div><div class=\"grve-element grve-box-icon grve-medium grve-top-icon grve-align-center grve-animated-item grve-zoom-in grve-duration-normal\" style=\"\" data-delay=\"800\"><div class=\"grve-image-icon\"><img src=\"https:\/\/www.tendentcia.es\/wp-content\/uploads\/2021\/04\/Ilusion_Mesa-de-trabajo-1.svg\" class=\"attachment-full size-full\" alt=\"\" loading=\"lazy\" \/><\/div><div class=\"grve-box-content\"><div class=\"grve-box-title-wrapper\"><h3 class=\"grve-box-title grve-h6\">Il\u00b7lusi\u00f3<\/h3><\/div><\/div><\/div><div class=\"grve-empty-space grve-height-1x\" style=\"\"><\/div>[\/vc_column][vc_column width=&#8221;1\/4&#8243; tablet_sm_width=&#8221;1-2&#8243;]<div class=\"grve-empty-space grve-height-1x\" style=\"\"><\/div><div class=\"grve-element grve-box-icon grve-medium grve-top-icon grve-align-center grve-animated-item grve-zoom-in grve-duration-normal\" style=\"\" data-delay=\"1000\"><div class=\"grve-image-icon\"><img src=\"https:\/\/www.tendentcia.es\/wp-content\/uploads\/2021\/04\/Responsabilidad_Mesa-de-trabajo-1-copia-2.svg\" class=\"attachment-full size-full\" alt=\"\" loading=\"lazy\" \/><\/div><div class=\"grve-box-content\"><div class=\"grve-box-title-wrapper\"><h3 class=\"grve-box-title grve-h6\">Professionalitat<\/h3><\/div><\/div><\/div><div class=\"grve-empty-space grve-height-1x\" style=\"\"><\/div>[\/vc_column][\/vc_row][vc_row padding_top_multiplier=&#8221;custom&#8221; padding_bottom_multiplier=&#8221;&#8221; padding_top=&#8221;5%&#8221;][vc_column]<div class=\"grve-element grve-image grve-align-center grve-full-image grve-image-space-100\" style=\"\">  <div class=\"grve-image-wrapper\"><img width=\"1024\" height=\"683\" src=\"https:\/\/www.tendentcia.es\/wp-content\/uploads\/2021\/04\/IMG_3309x.jpg\" class=\"attachment-large size-large\" alt=\"\" loading=\"lazy\" srcset=\"https:\/\/www.tendentcia.es\/wp-content\/uploads\/2021\/04\/IMG_3309x.jpg 1024w, https:\/\/www.tendentcia.es\/wp-content\/uploads\/2021\/04\/IMG_3309x-300x200.jpg 300w, https:\/\/www.tendentcia.es\/wp-content\/uploads\/2021\/04\/IMG_3309x-768x512.jpg 768w\" sizes=\"(max-width: 1024px) 100vw, 1024px\" \/>   <\/div><\/div>[\/vc_column][vc_column column_custom_position=&#8221;yes&#8221; position_top=&#8221;minus-3x&#8221; position_left=&#8221;minus-3x&#8221; width=&#8221;1\/3&#8243; tablet_width=&#8221;1-2&#8243; tablet_sm_width=&#8221;1-2&#8243; tablet_landscape_column_positions=&#8221;none&#8221; tablet_portrait_column_positions=&#8221;none&#8221; mobile_column_positions=&#8221;none&#8221; heading_color=&#8221;dark&#8221; clipping_animation=&#8221;colored-clipping-up&#8221; clipping_animation_colors=&#8221;primary-1&#8243; animation_delay=&#8221;1000&#8243; css=&#8221;.vc_custom_1620131556144{padding-top: 17% !important;padding-right: 17% !important;padding-bottom: 17% !important;padding-left: 17% !important;background-color: #f7f7f7 !important;}&#8221; font_color=&#8221;rgba(0,0,0,0.91)&#8221;]<div class=\"grve-element grve-slogan grve-align-left\" style=\"\"><div class=\"grve-subtitle\">Per qu\u00e8 triar-nos?<\/div><h1 class=\"grve-slogan-title grve-align-left grve-h3\"><span>Cl\u00ednica Dental<\/span><\/h1>  <p class=\"\">Som una cl\u00ednica que posa tot el seu esfor\u00e7 a establir una relaci\u00f3 de confian\u00e7a i un tracte personalitzat amb tots els nostres clients.<\/p><div class=\"grve-btn-wrapper\"><a href=\"https:\/\/www.tendentcia.es\/ca\/professionals\/\" class=\"grve-btn grve-btn-medium grve-btn-underline grve-text-primary-1 grve-text-hover-primary-1\"><span>Veure Professionals<span class=\"grve-btn-bottom-line grve-bg-primary-1\"><\/span><\/span><\/a><\/div><\/div>[\/vc_column][vc_column width=&#8221;1\/4&#8243; tablet_width=&#8221;hide&#8221; tablet_sm_width=&#8221;hide&#8221; mobile_width=&#8221;hide&#8221;][\/vc_column][vc_column width=&#8221;5\/12&#8243; tablet_sm_width=&#8221;1-2&#8243;][vc_row_inner css=&#8221;.vc_custom_1620151884527{margin-top: -50px !important;margin-bottom: 100px !important;}&#8221;][vc_column_inner tablet_sm_width=&#8221;1&#8243; mobile_width=&#8221;hide&#8221;]<div class=\"grve-empty-space grve-height-3x\" style=\"\"><\/div><h3 class=\"grve-element grve-title grve-align-left grve-animated-item grve-duration-very-slow grve-fade-in-up grve-h6\" style=\"\" data-delay=\"2200\"><span>Qualitat<\/span><\/h3>[vc_column_text animation=&#8221;grve-fade-in-up&#8221; animation_delay=&#8221;2300&#8243; animation_duration=&#8221;very-slow&#8221;]Utilitzem \u00fanicament materials cl\u00ednics i de laboratori de m\u00e0xima qualitat, amb l&#8217;objectiu d&#8217;aconseguir major durabilitat, resist\u00e8ncia i biocompatibilitat.[\/vc_column_text][\/vc_column_inner][\/vc_row_inner]<div class=\"grve-empty-space grve-height-2x\" style=\"\"><\/div>[\/vc_column][\/vc_row][vc_row section_type=&#8221;fullwidth&#8221; padding_top_multiplier=&#8221;3x&#8221; padding_bottom_multiplier=&#8221;&#8221; columns_gap=&#8221;none&#8221;][vc_column width=&#8221;2\/3&#8243; tablet_sm_width=&#8221;1&#8243; heading_color=&#8221;light&#8221; clipping_animation=&#8221;colored-clipping-left&#8221; animation_delay=&#8221;600&#8243; css=&#8221;.vc_custom_1620552184767{padding-top: 12% !important;padding-right: 17% !important;padding-bottom: 12% !important;padding-left: 17% !important;background-color: #f7f7f7 !important;}&#8221; font_color=&#8221;#000000&#8243;]<h2 class=\"grve-element grve-title grve-align-left grve-h5 grve-increase-heading grve-heading-180\" style=\"margin-bottom: 0px;\"><span><span style=\"color: #000000;\">\u00daltimes Not\u00edcies<\/span><\/span><\/h2>[\/vc_column][vc_column column_effect=&#8221;mouse-move-x-y&#8221; column_effect_limit=&#8221;3x&#8221; column_effect_invert=&#8221;true&#8221; column_custom_position=&#8221;yes&#8221; position_top=&#8221;minus-3x&#8221; position_left=&#8221;minus-3x&#8221; width=&#8221;1\/3&#8243; tablet_sm_width=&#8221;1&#8243; tablet_portrait_column_positions=&#8221;none&#8221; mobile_column_positions=&#8221;none&#8221; shadow=&#8221;large&#8221; clipping_animation=&#8221;colored-clipping-left&#8221; clipping_animation_colors=&#8221;primary-1&#8243; animation_delay=&#8221;800&#8243; css=&#8221;.vc_custom_1518337326879{padding-top: 17% !important;padding-right: 17% !important;padding-bottom: 17% !important;padding-left: 17% !important;background-color: #ffffff !important;border-radius: 10px !important;}&#8221;]<h3 class=\"grve-element grve-title grve-align-left grve-h3\" style=\"\"><span>Visita el nostre bloc<\/span><\/h3>[vc_column_text]Not\u00edcies relacionades amb l&#8217;odontologia en general: Ortod\u00f2ncies, Emblanquiments, Nous tractaments, Promocions..[\/vc_column_text]<div class=\"grve-empty-space grve-height-1x\" style=\"\"><\/div><div class=\"grve-element grve-align-left\"><a href=\"https:\/\/www.tendentcia.es\/noticias-clinica-dental-barcelona\/\" class=\"grve-btn grve-btn-medium grve-square grve-bg-primary-1 grve-bg-hover-black\"><span>Veure Not\u00edcies<\/span><\/a><\/div>[\/vc_column][\/vc_row]<\/p>\n","protected":false},"excerpt":{"rendered":"<p>[vc_row section_full_height=&#8221;fullheight&#8221; padding_top_multiplier=&#8221;custom&#8221; padding_bottom_multiplier=&#8221;custom&#8221; padding_top=&#8221;12%&#8221; padding_bottom=&#8221;12%&#8221;][vc_column width=&#8221;5\/12&#8243; tablet_sm_width=&#8221;1-2&#8243; heading_color=&#8221;primary-1&#8243; z_index=&#8221;3&#8243;][vc_column_text animation=&#8221;grve-fade-in-up&#8221; animation_delay=&#8221;2000&#8243; animation_duration=&#8221;very-slow&#8221;] Una odontologia calmada, dissenyada i elaborada a mesura de les necessitats dels nostres pacients. [\/vc_column_text][\/vc_column][vc_column width=&#8221;7\/12&#8243; tablet_sm_width=&#8221;1-2&#8243;][\/vc_column][\/vc_row][vc_row heading_color=&#8221;dark&#8221; section_type=&#8221;fullwidth&#8221; bg_type=&#8221;color&#8221; padding_top_multiplier=&#8221;&#8221; padding_bottom_multiplier=&#8221;&#8221; columns_gap=&#8221;none&#8221; equal_column_height=&#8221;equal-column&#8221; font_color=&#8221;#0a0a0a&#8221; bg_color=&#8221;#ededed&#8221;][vc_column width=&#8221;1\/2&#8243; tablet_width=&#8221;2-3&#8243; tablet_sm_width=&#8221;1&#8243; css=&#8221;.vc_custom_1620125792288{padding-top: 14% !important;padding-right: 14% !important;padding-bottom: 14% !important;padding-left: 14% !important;background-color: #f7f7f7 !important;}&#8221;][vc_column_text]Oferim a tots [&hellip;]<\/p>\n","protected":false},"author":1,"featured_media":0,"parent":0,"menu_order":0,"comment_status":"closed","ping_status":"closed","template":"","meta":[],"_links":{"self":[{"href":"https:\/\/www.tendentcia.es\/ca\/wp-json\/wp\/v2\/pages\/3459"}],"collection":[{"href":"https:\/\/www.tendentcia.es\/ca\/wp-json\/wp\/v2\/pages"}],"about":[{"href":"https:\/\/www.tendentcia.es\/ca\/wp-json\/wp\/v2\/types\/page"}],"author":[{"embeddable":true,"href":"https:\/\/www.tendentcia.es\/ca\/wp-json\/wp\/v2\/users\/1"}],"replies":[{"embeddable":true,"href":"https:\/\/www.tendentcia.es\/ca\/wp-json\/wp\/v2\/comments?post=3459"}],"version-history":[{"count":12,"href":"https:\/\/www.tendentcia.es\/ca\/wp-json\/wp\/v2\/pages\/3459\/revisions"}],"predecessor-version":[{"id":3682,"href":"https:\/\/www.tendentcia.es\/ca\/wp-json\/wp\/v2\/pages\/3459\/revisions\/3682"}],"wp:attachment":[{"href":"https:\/\/www.tendentcia.es\/ca\/wp-json\/wp\/v2\/media?parent=3459"}],"curies":[{"name":"wp","href":"https:\/\/api.w.org\/{rel}","templated":true}]}}