{"id":3460,"date":"2021-05-13T10:21:26","date_gmt":"2021-05-13T10:21:26","guid":{"rendered":"https:\/\/effortsl.net\/clientes\/tendentcia\/?page_id=3460"},"modified":"2021-07-22T10:09:25","modified_gmt":"2021-07-22T10:09:25","slug":"tractaments","status":"publish","type":"page","link":"https:\/\/www.tendentcia.es\/ca\/tractaments\/","title":{"rendered":"Tractaments"},"content":{"rendered":"<p>[vc_row padding_bottom_multiplier=&#8221;&#8221;][vc_column]\n\t\t\t<!-- START Tractaments REVOLUTION SLIDER 6.4.2 --><p class=\"rs-p-wp-fix\"><\/p>\n\t\t\t<rs-module-wrap id=\"rev_slider_12_1_wrapper\" data-source=\"gallery\" style=\"background:transparent;padding:0;margin:0px auto;margin-top:0;margin-bottom:0;\">\n\t\t\t\t<rs-module id=\"rev_slider_12_1\" style=\"\" data-version=\"6.4.2\">\n\t\t\t\t\t<rs-slides>\n\t\t\t\t\t\t<rs-slide data-key=\"rs-16\" data-title=\"Slide\" data-in=\"o:0;\" data-out=\"a:false;\">\n\t\t\t\t\t\t\t<img src=\"\/\/www.tendentcia.es\/wp-content\/uploads\/2021\/05\/tratamientos-ok.jpg\" title=\"tratamientos-ok\" width=\"1920\" height=\"1080\" class=\"rev-slidebg\" data-no-retina>\n<!--\n\t\t\t\t\t\t\t--><rs-layer\n\t\t\t\t\t\t\t\tid=\"slider-12-slide-16-layer-0\" \n\t\t\t\t\t\t\t\tdata-type=\"text\"\n\t\t\t\t\t\t\t\tdata-rsp_ch=\"on\"\n\t\t\t\t\t\t\t\tdata-xy=\"x:c;y:m;yo:0,0,0,26px;\"\n\t\t\t\t\t\t\t\tdata-text=\"w:normal;s:45,37,43,34;l:53,43,49,39;fw:500;\"\n\t\t\t\t\t\t\t\tdata-basealign=\"slide\"\n\t\t\t\t\t\t\t\tdata-frame_999=\"o:0;st:w;\"\n\t\t\t\t\t\t\t\tstyle=\"z-index:5;font-family:Montserrat;\"\n\t\t\t\t\t\t\t>Tractaments Dentals \n\t\t\t\t\t\t\t<\/rs-layer><!--\n-->\t\t\t\t\t\t<\/rs-slide>\n\t\t\t\t\t<\/rs-slides>\n\t\t\t\t<\/rs-module>\n\t\t\t\t<script type=\"text\/javascript\">\n\t\t\t\t\tsetREVStartSize({c: 'rev_slider_12_1',rl:[1240,1024,778,480],el:[500,399.99,300,300],gw:[1240,1024,778,480],gh:[500,400,300,300],type:'standard',justify:'',layout:'fullwidth',mh:\"0\"});\n\t\t\t\t\tvar\trevapi12,\n\t\t\t\t\t\ttpj;\n\t\t\t\t\tfunction revinit_revslider121() {\n\t\t\t\t\tjQuery(function() {\n\t\t\t\t\t\ttpj = jQuery;\n\t\t\t\t\t\trevapi12 = tpj(\"#rev_slider_12_1\");\n\t\t\t\t\t\tif(revapi12==undefined || revapi12.revolution == undefined){\n\t\t\t\t\t\t\trevslider_showDoubleJqueryError(\"rev_slider_12_1\");\n\t\t\t\t\t\t}else{\n\t\t\t\t\t\t\trevapi12.revolution({\n\t\t\t\t\t\t\t\tsliderLayout:\"fullwidth\",\n\t\t\t\t\t\t\t\tvisibilityLevels:\"1240,1024,778,480\",\n\t\t\t\t\t\t\t\tgridwidth:\"1240,1024,778,480\",\n\t\t\t\t\t\t\t\tgridheight:\"500,400,300,300\",\n\t\t\t\t\t\t\t\tperspective:600,\n\t\t\t\t\t\t\t\tperspectiveType:\"global\",\n\t\t\t\t\t\t\t\teditorheight:\"500,399.99,300,300\",\n\t\t\t\t\t\t\t\tresponsiveLevels:\"1240,1024,778,480\",\n\t\t\t\t\t\t\t\tprogressBar:{disableProgressBar:true},\n\t\t\t\t\t\t\t\tnavigation: {\n\t\t\t\t\t\t\t\t\tonHoverStop:false\n\t\t\t\t\t\t\t\t},\n\t\t\t\t\t\t\t\tfallbacks: {\n\t\t\t\t\t\t\t\t\tallowHTML5AutoPlayOnAndroid:true\n\t\t\t\t\t\t\t\t},\n\t\t\t\t\t\t\t});\n\t\t\t\t\t\t}\n\t\t\t\t\t\t\n\t\t\t\t\t});\n\t\t\t\t\t} \/\/ End of RevInitScript\n\t\t\t\tvar once_revslider121 = false;\n\t\t\t\tif (document.readyState === \"loading\") {document.addEventListener('readystatechange',function() { if((document.readyState === \"interactive\" || document.readyState === \"complete\") && !once_revslider121 ) { once_revslider121 = true; revinit_revslider121();}});} else {once_revslider121 = true; revinit_revslider121();}\n\t\t\t\t<\/script>\n\t\t\t<\/rs-module-wrap>\n\t\t\t<!-- END REVOLUTION SLIDER -->\n[\/vc_column][\/vc_row][vc_row padding_top_multiplier=&#8221;6x&#8221; padding_bottom_multiplier=&#8221;6x&#8221;][vc_column vertical_content_position=&#8221;middle&#8221; width=&#8221;1\/2&#8243;]<h3 class=\"grve-element grve-title grve-align-left grve-h3\" style=\"\"><span>Odontopediatria<\/span><\/h3><div class=\"grve-element grve-divider grve-align-left\" style=\"padding-top: 5%;padding-bottom: 5%;\"><span class=\"grve-custom-divider grve-bg-primary-1\" style=\"width: 20px;height: 2px;\"><\/span><\/div>[vc_column_text]El m\u00e9s important en els nostres pacients infantils \u00e9s el nostre enfocament preventiu, realitzant flouritzacions o el segellament de fissures en les dents que el requereixin, detecci\u00f3 preco\u00e7 de c\u00e0ries i podem anticipar-nos a problemes d&#8217;espai o apinyonament amb l&#8217;estimulaci\u00f3 correcta del creixement en els maxil\u00b7lars.[\/vc_column_text][\/vc_column][vc_column width=&#8221;1\/2&#8243;]<div class=\"grve-element grve-image grve-animated-item grve-duration-normal grve-fade-in-up grve-align-center\" style=\"\" data-delay=\"200\">  <div class=\"grve-image-wrapper\"><img width=\"1024\" height=\"768\" src=\"https:\/\/www.tendentcia.es\/wp-content\/uploads\/2021\/04\/Odontopediatria-1.jpg\" class=\"attachment-full size-full\" alt=\"\" loading=\"lazy\" srcset=\"https:\/\/www.tendentcia.es\/wp-content\/uploads\/2021\/04\/Odontopediatria-1.jpg 1024w, https:\/\/www.tendentcia.es\/wp-content\/uploads\/2021\/04\/Odontopediatria-1-300x225.jpg 300w, https:\/\/www.tendentcia.es\/wp-content\/uploads\/2021\/04\/Odontopediatria-1-768x576.jpg 768w, https:\/\/www.tendentcia.es\/wp-content\/uploads\/2021\/04\/Odontopediatria-1-560x420.jpg 560w, https:\/\/www.tendentcia.es\/wp-content\/uploads\/2021\/04\/Odontopediatria-1-900x675.jpg 900w\" sizes=\"(max-width: 1024px) 100vw, 1024px\" \/>   <\/div><\/div>[\/vc_column][\/vc_row][vc_row padding_bottom_multiplier=&#8221;6x&#8221; mobile_visibility=&#8221;hide&#8221; el_class=&#8221;fila-inversa&#8221;][vc_column vertical_content_position=&#8221;middle&#8221; width=&#8221;1\/2&#8243;]<div class=\"grve-element grve-image grve-animated-item grve-duration-normal grve-fade-in-up grve-align-center\" style=\"\" data-delay=\"200\">  <div class=\"grve-image-wrapper\"><img width=\"1024\" height=\"768\" src=\"https:\/\/www.tendentcia.es\/wp-content\/uploads\/2021\/04\/Periodoncia-2.jpg\" class=\"attachment-full size-full\" alt=\"\" loading=\"lazy\" srcset=\"https:\/\/www.tendentcia.es\/wp-content\/uploads\/2021\/04\/Periodoncia-2.jpg 1024w, https:\/\/www.tendentcia.es\/wp-content\/uploads\/2021\/04\/Periodoncia-2-300x225.jpg 300w, https:\/\/www.tendentcia.es\/wp-content\/uploads\/2021\/04\/Periodoncia-2-768x576.jpg 768w, https:\/\/www.tendentcia.es\/wp-content\/uploads\/2021\/04\/Periodoncia-2-560x420.jpg 560w, https:\/\/www.tendentcia.es\/wp-content\/uploads\/2021\/04\/Periodoncia-2-900x675.jpg 900w\" sizes=\"(max-width: 1024px) 100vw, 1024px\" \/>   <\/div><\/div>[\/vc_column][vc_column width=&#8221;1\/2&#8243;]<h3 class=\"grve-element grve-title grve-align-left grve-h3\" style=\"\"><span>Periodoncia<\/span><\/h3><div class=\"grve-element grve-divider grve-align-left\" style=\"padding-top: 5%;padding-bottom: 5%;\"><span class=\"grve-custom-divider grve-bg-primary-1\" style=\"width: 20px;height: 2px;\"><\/span><\/div>[vc_column_text]\u00c9s la branca de l&#8217;odontologia que t\u00e9 a veure amb el diagn\u00f2stic i tractament dels teixits de suport que envolten les dents, \u00e9s a dir les genives. En la mesura que ens tornem adults augmenta la susceptibilitat a la malaltia periodontal que, a m\u00e9s, en molts casos \u00e9s simptom\u00e0tica.[\/vc_column_text][\/vc_column][\/vc_row][vc_row padding_bottom_multiplier=&#8221;6x&#8221; desktop_visibility=&#8221;hide&#8221; tablet_visibility=&#8221;hide&#8221; tablet_sm_visibility=&#8221;hide&#8221; el_class=&#8221;fila-inversa&#8221;][vc_column vertical_content_position=&#8221;middle&#8221; width=&#8221;1\/2&#8243;]<h3 class=\"grve-element grve-title grve-align-left grve-h3\" style=\"\"><span>Periodoncia<\/span><\/h3><div class=\"grve-element grve-divider grve-align-left\" style=\"padding-top: 5%;padding-bottom: 5%;\"><span class=\"grve-custom-divider grve-bg-primary-1\" style=\"width: 20px;height: 2px;\"><\/span><\/div>[vc_column_text]\u00c9s la branca de l&#8217;odontologia que t\u00e9 a veure amb el diagn\u00f2stic i tractament dels teixits de suport que envolten les dents, \u00e9s a dir les genives. En la mesura que ens tornem adults augmenta la susceptibilitat a la malaltia periodontal que, a m\u00e9s, en molts casos \u00e9s simptom\u00e0tica.[\/vc_column_text][\/vc_column][vc_column width=&#8221;1\/2&#8243;]<div class=\"grve-element grve-image grve-animated-item grve-duration-normal grve-fade-in-up grve-align-center\" style=\"\" data-delay=\"200\">  <div class=\"grve-image-wrapper\"><img width=\"1024\" height=\"768\" src=\"https:\/\/www.tendentcia.es\/wp-content\/uploads\/2021\/04\/Periodoncia-2.jpg\" class=\"attachment-full size-full\" alt=\"\" loading=\"lazy\" srcset=\"https:\/\/www.tendentcia.es\/wp-content\/uploads\/2021\/04\/Periodoncia-2.jpg 1024w, https:\/\/www.tendentcia.es\/wp-content\/uploads\/2021\/04\/Periodoncia-2-300x225.jpg 300w, https:\/\/www.tendentcia.es\/wp-content\/uploads\/2021\/04\/Periodoncia-2-768x576.jpg 768w, https:\/\/www.tendentcia.es\/wp-content\/uploads\/2021\/04\/Periodoncia-2-560x420.jpg 560w, https:\/\/www.tendentcia.es\/wp-content\/uploads\/2021\/04\/Periodoncia-2-900x675.jpg 900w\" sizes=\"(max-width: 1024px) 100vw, 1024px\" \/>   <\/div><\/div>[\/vc_column][\/vc_row][vc_row padding_bottom_multiplier=&#8221;6x&#8221;][vc_column vertical_content_position=&#8221;middle&#8221; width=&#8221;1\/2&#8243;]<h3 class=\"grve-element grve-title grve-align-left grve-h3\" style=\"\"><span>Implants<\/span><\/h3><div class=\"grve-element grve-divider grve-align-left\" style=\"padding-top: 5%;padding-bottom: 5%;\"><span class=\"grve-custom-divider grve-bg-primary-1\" style=\"width: 20px;height: 2px;\"><\/span><\/div>[vc_column_text]Una de les decisions m\u00e9s importants en la col\u00b7locaci\u00f3 dels implants \u00e9s l&#8217;elecci\u00f3 de la marca a col\u00b7locar. Hem de considerar que l&#8217;implant t\u00e9 una llarga vida de durada i \u00e9s la nostra responsabilitat comptar amb una marca de primera l\u00ednia, d&#8217;absoluta fiabilitat i perman\u00e8ncia mundial.[\/vc_column_text][\/vc_column][vc_column width=&#8221;1\/2&#8243;]<div class=\"grve-element grve-image grve-animated-item grve-duration-normal grve-fade-in-up grve-align-center\" style=\"\" data-delay=\"200\">  <div class=\"grve-image-wrapper\"><img width=\"1024\" height=\"768\" src=\"https:\/\/www.tendentcia.es\/wp-content\/uploads\/2021\/04\/Implantes-3.jpg\" class=\"attachment-full size-full\" alt=\"\" loading=\"lazy\" srcset=\"https:\/\/www.tendentcia.es\/wp-content\/uploads\/2021\/04\/Implantes-3.jpg 1024w, https:\/\/www.tendentcia.es\/wp-content\/uploads\/2021\/04\/Implantes-3-300x225.jpg 300w, https:\/\/www.tendentcia.es\/wp-content\/uploads\/2021\/04\/Implantes-3-768x576.jpg 768w, https:\/\/www.tendentcia.es\/wp-content\/uploads\/2021\/04\/Implantes-3-560x420.jpg 560w, https:\/\/www.tendentcia.es\/wp-content\/uploads\/2021\/04\/Implantes-3-900x675.jpg 900w\" sizes=\"(max-width: 1024px) 100vw, 1024px\" \/>   <\/div><\/div>[\/vc_column][\/vc_row][vc_row padding_bottom_multiplier=&#8221;6x&#8221; mobile_visibility=&#8221;hide&#8221; el_class=&#8221;fila-inversa&#8221;][vc_column vertical_content_position=&#8221;middle&#8221; width=&#8221;1\/2&#8243;]<div class=\"grve-element grve-image grve-animated-item grve-duration-normal grve-fade-in-up grve-align-center\" style=\"\" data-delay=\"200\">  <div class=\"grve-image-wrapper\"><img width=\"1024\" height=\"768\" src=\"https:\/\/www.tendentcia.es\/wp-content\/uploads\/2021\/04\/Damon.jpg\" class=\"attachment-full size-full\" alt=\"\" loading=\"lazy\" srcset=\"https:\/\/www.tendentcia.es\/wp-content\/uploads\/2021\/04\/Damon.jpg 1024w, https:\/\/www.tendentcia.es\/wp-content\/uploads\/2021\/04\/Damon-300x225.jpg 300w, https:\/\/www.tendentcia.es\/wp-content\/uploads\/2021\/04\/Damon-768x576.jpg 768w, https:\/\/www.tendentcia.es\/wp-content\/uploads\/2021\/04\/Damon-560x420.jpg 560w, https:\/\/www.tendentcia.es\/wp-content\/uploads\/2021\/04\/Damon-900x675.jpg 900w\" sizes=\"(max-width: 1024px) 100vw, 1024px\" \/>   <\/div><\/div>[\/vc_column][vc_column width=&#8221;1\/2&#8243;]<h3 class=\"grve-element grve-title grve-align-left grve-h3\" style=\"\"><span>Ortod\u00f2ncia fixa i removible<\/span><\/h3><div class=\"grve-element grve-divider grve-align-left\" style=\"padding-top: 5%;padding-bottom: 5%;\"><span class=\"grve-custom-divider grve-bg-primary-1\" style=\"width: 20px;height: 2px;\"><\/span><\/div>[vc_column_text]<\/p>\n<p style=\"font-weight: 400;\">En l\u00ednies generals, podem dividir les ortod\u00f2ncies o correctors dentals en 2 grans categories: fixos i amovibles.<br \/>\nTots els tipus d&#8217;ortod\u00f2ncia, siguin m\u00e9s o menys est\u00e8tics, es basen a aprofitar la cont\u00ednua regeneraci\u00f3 de l&#8217;os i els teixits de la cavitat bucal per a modificar la posici\u00f3 de les dents.<br \/>\nUn altre punt com\u00fa que tenen tots els tipus d&#8217;ortod\u00f2ncia \u00e9s el seu funcionament: en tots s&#8217;aplica for\u00e7a de manera prolongada sobre les peces que estan despla\u00e7ades fins que aconsegueixen la seva posici\u00f3 correcta.<br \/>\nBrakets\u00a0met\u00e0l\u00b7lics \u00b7 ortod\u00f2ncia\u00a0Damon\u00a0\u00b7 ortod\u00f2ncia invisible \u00b7\u00a0Invisalign<\/p>\n<p>[\/vc_column_text][\/vc_column][\/vc_row][vc_row padding_bottom_multiplier=&#8221;6x&#8221; desktop_visibility=&#8221;hide&#8221; tablet_visibility=&#8221;hide&#8221; tablet_sm_visibility=&#8221;hide&#8221; el_class=&#8221;fila-inversa&#8221;][vc_column width=&#8221;1\/2&#8243;]<h3 class=\"grve-element grve-title grve-align-left grve-h3\" style=\"\"><span>Ortod\u00f2ncia fixa i removible<\/span><\/h3><div class=\"grve-element grve-divider grve-align-left\" style=\"padding-top: 5%;padding-bottom: 5%;\"><span class=\"grve-custom-divider grve-bg-primary-1\" style=\"width: 20px;height: 2px;\"><\/span><\/div>[vc_column_text]<\/p>\n<p style=\"font-weight: 400;\">En l\u00ednies generals, podem dividir les ortod\u00f2ncies o correctors dentals en 2 grans categories: fixos i amovibles.<br \/>\nTots els tipus d&#8217;ortod\u00f2ncia, siguin m\u00e9s o menys est\u00e8tics, es basen a aprofitar la cont\u00ednua regeneraci\u00f3 de l&#8217;os i els teixits de la cavitat bucal per a modificar la posici\u00f3 de les dents.<br \/>\nUn altre punt com\u00fa que tenen tots els tipus d&#8217;ortod\u00f2ncia \u00e9s el seu funcionament: en tots s&#8217;aplica for\u00e7a de manera prolongada sobre les peces que estan despla\u00e7ades fins que aconsegueixen la seva posici\u00f3 correcta.<br \/>\nBrakets\u00a0met\u00e0l\u00b7lics \u00b7 ortod\u00f2ncia\u00a0Damon\u00a0\u00b7 ortod\u00f2ncia invisible \u00b7\u00a0Invisalign<\/p>\n<p>[\/vc_column_text][\/vc_column][vc_column vertical_content_position=&#8221;middle&#8221; width=&#8221;1\/2&#8243;]<div class=\"grve-element grve-image grve-animated-item grve-duration-normal grve-fade-in-up grve-align-center\" style=\"\" data-delay=\"200\">  <div class=\"grve-image-wrapper\"><img width=\"1024\" height=\"768\" src=\"https:\/\/www.tendentcia.es\/wp-content\/uploads\/2021\/04\/Damon.jpg\" class=\"attachment-full size-full\" alt=\"\" loading=\"lazy\" srcset=\"https:\/\/www.tendentcia.es\/wp-content\/uploads\/2021\/04\/Damon.jpg 1024w, https:\/\/www.tendentcia.es\/wp-content\/uploads\/2021\/04\/Damon-300x225.jpg 300w, https:\/\/www.tendentcia.es\/wp-content\/uploads\/2021\/04\/Damon-768x576.jpg 768w, https:\/\/www.tendentcia.es\/wp-content\/uploads\/2021\/04\/Damon-560x420.jpg 560w, https:\/\/www.tendentcia.es\/wp-content\/uploads\/2021\/04\/Damon-900x675.jpg 900w\" sizes=\"(max-width: 1024px) 100vw, 1024px\" \/>   <\/div><\/div>[\/vc_column][\/vc_row][vc_row padding_bottom_multiplier=&#8221;6x&#8221;][vc_column vertical_content_position=&#8221;middle&#8221; width=&#8221;1\/2&#8243;]<h3 class=\"grve-element grve-title grve-align-left grve-h3\" style=\"\"><span>Est\u00e8tica i rehabilitaci\u00f3<\/span><\/h3><div class=\"grve-element grve-divider grve-align-left\" style=\"padding-top: 5%;padding-bottom: 5%;\"><span class=\"grve-custom-divider grve-bg-primary-1\" style=\"width: 20px;height: 2px;\"><\/span><\/div>[vc_column_text]Amb les t\u00e8cniques innovadores actuals podr\u00e0 rehabilitar la seva boca sense la necessitat d&#8217;utilitzar metalls; utilitzant el sistema procera i\u00a0Zirconio\u00a0aconseguir\u00e0 una major\u00a0translucidez, est\u00e8tica i naturalitat en les seves dents sense perdre la resist\u00e8ncia requerida. Millorarem l&#8217;aspecte del seu somriure, modificant el contorn, grand\u00e0ria, posici\u00f3 i color de les dents, adequant els contorns de la geniva que s\u00f3n fonamentals en el disseny dels seus somriure.[\/vc_column_text][\/vc_column][vc_column width=&#8221;1\/2&#8243;]<div class=\"grve-element grve-image grve-animated-item grve-duration-normal grve-fade-in-up grve-align-center\" style=\"\" data-delay=\"200\">  <div class=\"grve-image-wrapper\"><img width=\"1024\" height=\"768\" src=\"https:\/\/www.tendentcia.es\/wp-content\/uploads\/2021\/04\/Estetica-1.jpg\" class=\"attachment-full size-full\" alt=\"\" loading=\"lazy\" srcset=\"https:\/\/www.tendentcia.es\/wp-content\/uploads\/2021\/04\/Estetica-1.jpg 1024w, https:\/\/www.tendentcia.es\/wp-content\/uploads\/2021\/04\/Estetica-1-300x225.jpg 300w, https:\/\/www.tendentcia.es\/wp-content\/uploads\/2021\/04\/Estetica-1-768x576.jpg 768w, https:\/\/www.tendentcia.es\/wp-content\/uploads\/2021\/04\/Estetica-1-560x420.jpg 560w, https:\/\/www.tendentcia.es\/wp-content\/uploads\/2021\/04\/Estetica-1-900x675.jpg 900w\" sizes=\"(max-width: 1024px) 100vw, 1024px\" \/>   <\/div><\/div>[\/vc_column][\/vc_row]<\/p>\n","protected":false},"excerpt":{"rendered":"<p>[vc_row padding_bottom_multiplier=&#8221;&#8221;][vc_column][\/vc_column][\/vc_row][vc_row padding_top_multiplier=&#8221;6x&#8221; padding_bottom_multiplier=&#8221;6x&#8221;][vc_column vertical_content_position=&#8221;middle&#8221; width=&#8221;1\/2&#8243;][vc_column_text]El m\u00e9s important en els nostres pacients infantils \u00e9s el nostre enfocament preventiu, realitzant flouritzacions o el segellament de fissures en les dents que el requereixin, detecci\u00f3 preco\u00e7 de c\u00e0ries i podem anticipar-nos a problemes d&#8217;espai o apinyonament amb l&#8217;estimulaci\u00f3 correcta del creixement en els maxil\u00b7lars.[\/vc_column_text][\/vc_column][vc_column width=&#8221;1\/2&#8243;][\/vc_column][\/vc_row][vc_row padding_bottom_multiplier=&#8221;6x&#8221; mobile_visibility=&#8221;hide&#8221; el_class=&#8221;fila-inversa&#8221;][vc_column [&hellip;]<\/p>\n","protected":false},"author":1,"featured_media":0,"parent":0,"menu_order":0,"comment_status":"closed","ping_status":"closed","template":"","meta":[],"_links":{"self":[{"href":"https:\/\/www.tendentcia.es\/ca\/wp-json\/wp\/v2\/pages\/3460"}],"collection":[{"href":"https:\/\/www.tendentcia.es\/ca\/wp-json\/wp\/v2\/pages"}],"about":[{"href":"https:\/\/www.tendentcia.es\/ca\/wp-json\/wp\/v2\/types\/page"}],"author":[{"embeddable":true,"href":"https:\/\/www.tendentcia.es\/ca\/wp-json\/wp\/v2\/users\/1"}],"replies":[{"embeddable":true,"href":"https:\/\/www.tendentcia.es\/ca\/wp-json\/wp\/v2\/comments?post=3460"}],"version-history":[{"count":6,"href":"https:\/\/www.tendentcia.es\/ca\/wp-json\/wp\/v2\/pages\/3460\/revisions"}],"predecessor-version":[{"id":3667,"href":"https:\/\/www.tendentcia.es\/ca\/wp-json\/wp\/v2\/pages\/3460\/revisions\/3667"}],"wp:attachment":[{"href":"https:\/\/www.tendentcia.es\/ca\/wp-json\/wp\/v2\/media?parent=3460"}],"curies":[{"name":"wp","href":"https:\/\/api.w.org\/{rel}","templated":true}]}}