{"id":3581,"date":"2021-05-18T09:28:10","date_gmt":"2021-05-18T09:28:10","guid":{"rendered":"https:\/\/effortsl.net\/clientes\/tendentcia\/?page_id=3581"},"modified":"2021-07-21T12:13:15","modified_gmt":"2021-07-21T12:13:15","slug":"politica-de-cookies","status":"publish","type":"page","link":"https:\/\/www.tendentcia.es\/ca\/politica-de-cookies\/","title":{"rendered":"Pol\u00edtica de Cookies"},"content":{"rendered":"<div class=\"wpb_text_column wpb_content_element \">\n<div class=\"wpb_wrapper\">\n<p style=\"text-align: left;\">POL\u00cdTICA DE COOKIES<\/p>\n<p>En\u00a0TENDENTCIA\u00a0CLINICA\u00a0DENTAL, S.L.P. utilitzem cookies amb l&#8217;objectiu de prestar un millor servei i proporcionar-li una millor experi\u00e8ncia en la seva navegaci\u00f3. Volem informar-lo de manera clara i precisa sobre les cookies que utilitzem, detallant a continuaci\u00f3, qu\u00e8 \u00e9s una\u00a0cookie, per a qu\u00e8 serveix, quins tipus de cookies utilitzem, quines s\u00f3n les seves finalitats i com pot configurar-les o deshabilitar-les si aix\u00ed ho desitja.<\/p>\n<p>Qu\u00e8 s\u00f3n les cookies?<\/p>\n<p>Una\u00a0cookie\u00a0\u00e9s un fitxer que es descarrega en el seu ordinador en accedir a determinades p\u00e0gines web. Les cookies permeten a una p\u00e0gina web, entre altres coses, emmagatzemar i recuperar informaci\u00f3 sobre els h\u00e0bits de navegaci\u00f3 d&#8217;un usuari o del seu equip i, depenent de la informaci\u00f3 que continguin i de la forma en qu\u00e8 utilitzi el seu equip, poden utilitzar-se per a recon\u00e8ixer a l&#8217;usuari.<\/p>\n<p>El conjunt de \u00abcookies\u00bb de tots els nostres usuaris ens ajuda a millorar la qualitat de la nostra web, permetent-nos controlar quines p\u00e0gines s\u00f3n \u00fatils, quins no i quins s\u00f3n susceptibles de millora. Les cookies s\u00f3n essencials per al funcionament d&#8217;internet, aportant innombrables avantatges en la prestaci\u00f3 de serveis interactius, facilitant-te la navegaci\u00f3 i usabilitat de la nostra web. En cap cas les cookies podrien danyar el seu equip. Per contra, el que estiguin actives ens ajuda a identificar i resoldre els errors.<\/p>\n<p>Les cookies no li identifiquen personalment i no suposen cap risc per al seu ordinador o dispositiu m\u00f2bil. No s\u00f3n virus ni programari espia. Simplement s\u00f3n eines utilitzades pels llocs web que visita per a millorar la seva navegaci\u00f3, perqu\u00e8 les seves dades viatgin per la xarxa segurs, per a ajudar-nos a entendre quina informaci\u00f3 de la nostra web \u00e9s m\u00e9s \u00fatil per als nostres usuaris o per a saber quines ofertes poden ser de l&#8217;inter\u00e8s de cada usuari. I tot aix\u00f2 d&#8217;una manera totalment an\u00f2nima: mai sabrem el seu nom, adre\u00e7a o tel\u00e8fon tret que vost\u00e8 ens ho faciliti. Vost\u00e8 decideix si permet o no les cookies, per\u00f2 si decideix no permetre-les, ha de bloquejar-les en el seu navegador. Abans de bloquejar-les, volem ajudar-lo millor a entendre com s&#8217;usen les cookies.<\/p>\n<p>Tipus de cookies:<\/p>\n<p>Segons l&#8217;entitat que la gestiona, les cookies poden ser:<\/p>\n<p>Cookies pr\u00f2pies: S\u00f3n aquelles que s&#8217;envien al seu equip des dels nostres propis equips o dominis i des del qual prestem el servei que ens sol\u00b7licita.<br \/>Cookies de tercers: S\u00f3n aquelles que s&#8217;envien al seu equip des d&#8217;un equip o domini que no \u00e9s gestionat per nosaltres, sin\u00f3 per una altra entitat col\u00b7laboradora.<br \/>Segons el termini de temps que romanen activades:<\/p>\n<p>Cookies de sessi\u00f3: S\u00f3n cookies temporals que romanen en l&#8217;arxiu de cookies del seu navegador fins que abandona la p\u00e0gina web, per la qual cosa cap queda registrada en el disc dur del seu ordinador. La informaci\u00f3 obtinguda per mitj\u00e0 d&#8217;aquestes cookies, serveixen per a analitzar pautes de tr\u00e0nsit en la web. A la llarga, aix\u00f2 ens permet proporcionar una millor experi\u00e8ncia per a millorar el contingut i facilitar el seu \u00fas.<br \/>Cookies persistents: S\u00f3n emmagatzemades en el disc dur i la nostra web les llegeix cada vegada que realitza una nova visita. Una web permanent posseeix una data d&#8217;expiraci\u00f3 determinada. La\u00a0cookie\u00a0deixar\u00e0 de funcionar despr\u00e9s d&#8217;aquesta data. Aquestes cookies les utilitzem, generalment, per a facilitar els serveis de compra i registre.<\/p>\n<p>Segons la seva finalitat:<\/p>\n<p>Cookies t\u00e8cniques: S\u00f3n aquelles necess\u00e0ries per a la navegaci\u00f3 i el bon funcionament de la nostra p\u00e0gina web. Permeten, per exemple, controlar el tr\u00e0nsit i la comunicaci\u00f3 de dades, accedir a parts d&#8217;acc\u00e9s restringit, utilitzar elements de seguretat, emmagatzemar continguts per a poder difondre v\u00eddeos o compartir continguts a trav\u00e9s de xarxes socials.<br \/>Cookies d&#8217;an\u00e0lisis: S\u00f3n aquelles que s\u00f3n tractades per nosaltres o per tercers, ens permeten quantificar el nombre d&#8217;usuaris i aix\u00ed realitzar el mesurament i an\u00e0lisi estad\u00edstica de la utilitzaci\u00f3 que fan els usuaris del servei ofert. Per a aix\u00f2 s&#8217;analitza la navegaci\u00f3 en la nostra p\u00e0gina web amb la finalitat de millorar la mateixa.<br \/>Cookies de sessi\u00f3: S\u00f3n cookies temporals que romanen en l&#8217;arxiu de cookies del seu navegador fins que abandoni la p\u00e0gina web, per la qual cosa cap queda registrada en el disc dur de l&#8217;usuari. La informaci\u00f3 obtinguda per mitj\u00e0 d&#8217;aquestes cookies, serveixen per a analitzar pautes de tr\u00e0nsit en la web. A la llarga, aix\u00f2 ens permet proporcionar una millor experi\u00e8ncia per a millorar el contingut i facilitar el seu \u00fas.<br \/>Cookies de personalitzaci\u00f3: S\u00f3n aquelles que li permeten accedir al servei amb unes caracter\u00edstiques predefinides en funci\u00f3 d&#8217;una s\u00e8rie de criteris, com per exemple l&#8217;idioma, el tipus de navegador a trav\u00e9s del qual s&#8217;accedeix al servei, la configuraci\u00f3 regional des d&#8217;on s&#8217;accedeix al servei, etc.<br \/>Cookies publicit\u00e0ries: S\u00f3n aquelles que permeten la gesti\u00f3, de la forma m\u00e9s efica\u00e7 possible, dels espais publicitaris que es poguessin incloure en la nostra p\u00e0gina web.<br \/>Cookies de publicitat comportamental: Aquestes cookies emmagatzemen informaci\u00f3 del comportament dels usuaris obtinguda a trav\u00e9s de l&#8217;observaci\u00f3 continuada. Gr\u00e0cies a elles, podem con\u00e8ixer els h\u00e0bits de navegaci\u00f3 en internet i mostrar-li publicitat relacionada amb el seu perfil de navegaci\u00f3.<\/p>\n<p>A continuaci\u00f3, detallem les cookies utilitzades en la nostra web:<\/p>\n<table class=\" alignleft\">\n<tbody>\n<tr>\n<td>\n<p><b>Nom de la cookie<\/b><\/p>\n<\/td>\n<td>\n<p><b>Pr\u00f2pia o de tercers<\/b><\/p>\n<\/td>\n<td>\n<p><b>Finalitat de cookie<\/b><\/p>\n<\/td>\n<td>\n<p><b>Informaci\u00f3 de la cookie<\/b><\/p>\n<\/td>\n<td>\n<p><b>Termini<\/b><\/p>\n<\/td>\n<\/tr>\n<tr>\n<td>\n<p><span style=\"font-weight: 400;\">CONSENT<\/span><\/p>\n<\/td>\n<td>\n<p><span style=\"font-weight: 400;\">Tercers<\/span><\/p>\n<p><span style=\"font-weight: 400;\">(Google) \/ Tercers (gstatic.com)<\/span><\/p>\n<\/td>\n<td>\n<p>T\u00e8cnica<\/p>\n<\/td>\n<td>\n<p><span style=\"font-weight: 400;\">Cookie de Google Maps.<\/span><\/p>\n<div class=\"traductor-textarea form-group\">\n<div class=\"textarea-desti col-xs-12 col-sm-6\">\n<div class=\"form-control second-textarea\">Permet el funcionament del mapa de Google en la p\u00e0gina de contacte de la p\u00e0gina web.<\/div>\n<\/div>\n<\/div>\n<\/td>\n<td>\n<p><span style=\"font-weight: 400;\">20 anys<\/span><\/p>\n<\/td>\n<\/tr>\n<tr>\n<td>\n<p><span style=\"font-weight: 400;\">xb<\/span><\/p>\n<\/td>\n<td>\n<p><span style=\"font-weight: 400;\">.flickr.com<\/span><\/p>\n<\/td>\n<td>\n<p><span style=\"font-weight: 400;\">Funcional<\/span><\/p>\n<\/td>\n<td>\n<div class=\"traductor-textarea form-group\">\n<div class=\"textarea-desti col-xs-12 col-sm-6\">\n<div class=\"form-control second-textarea\">Flickr utilitza aquesta cookie i emmagatzema diversos identificadors \u00fanics i configuracions del visor d&#8217;imatges de Flickr.<\/div>\n<\/div>\n<\/div>\n<\/td>\n<td>\n<p><span style=\"font-weight: 400;\">2 mesos<\/span><\/p>\n<\/td>\n<\/tr>\n<tr>\n<td>\n<p><span style=\"font-weight: 400;\">_icl_current_language<\/span><\/p>\n<\/td>\n<td>\n<p><span style=\"font-weight: 400;\">Propia<\/span><\/p>\n<\/td>\n<td>\n<p>T\u00e8cnica<\/p>\n<\/td>\n<td>\n<p>Per a controlar l&#8217;idioma en la qual mostrar el contingut de la Web<\/p>\n<\/td>\n<td>\n<p><span style=\"font-weight: 400;\">1 dia<\/span><\/p>\n<\/td>\n<\/tr>\n<tr>\n<td>\n<p><span style=\"font-weight: 400;\">viewed_cookie_policy<\/span><\/p>\n<\/td>\n<td>\n<p><span style=\"font-weight: 400;\">Propia<\/span><\/p>\n<\/td>\n<td>\n<p>T\u00e8cnica<\/p>\n<\/td>\n<td>\n<p>Cookie\u00a0d&#8217;\u00fas intern necess\u00e0ries per al funcionament de la visualitzaci\u00f3 de la pol\u00edtica de cookies de la web.<\/p>\n<\/td>\n<td>\n<p><span style=\"font-weight: 400;\">2 mesos<\/span><\/p>\n<\/td>\n<\/tr>\n<tr>\n<td>\n<p><span style=\"font-weight: 400;\">__Secure-3PSID<\/span><\/p>\n<p><span style=\"font-weight: 400;\">__Secure-3PAPISID<\/span><\/p>\n<p><span style=\"font-weight: 400;\">__Secure-3PSIDCC<\/span><\/p>\n<\/td>\n<td>\n<p><span style=\"font-weight: 400;\">Tercers<\/span><\/p>\n<p><span style=\"font-weight: 400;\">(Google)<\/span><\/p>\n<\/td>\n<td>\n<p><span style=\"font-weight: 400;\">Publicit\u00e0ria<\/span><\/p>\n<\/td>\n<td>\n<p>Publicit\u00e0ria. Aquestes cookies s&#8217;utilitzen per a lliurar anuncis m\u00e9s rellevants per a vost\u00e8 i els seus interessos.<\/p>\n<\/td>\n<td>\n<p><span style=\"font-weight: 400;\">2 anys<\/span><\/p>\n<\/td>\n<\/tr>\n<tr>\n<td>\n<p><span style=\"font-weight: 400;\">HSID, SID<\/span><\/p>\n<\/td>\n<td>\n<p><span style=\"font-weight: 400;\">Tercers<\/span><\/p>\n<p><span style=\"font-weight: 400;\">(Google)<\/span><\/p>\n<\/td>\n<td><\/p>\n<p><span style=\"font-weight: 400;\">T\u00e8cnica<\/span><\/p>\n<\/td>\n<td>\n<div class=\"traductor-textarea form-group\">\n<div class=\"textarea-desti col-xs-12 col-sm-6\">\n<div class=\"form-control second-textarea\">Cookie per a proveir de mecanismes de seguretat que evitin l&#8217;acc\u00e9s no autoritzat a dades d&#8217;acc\u00e9s d&#8217;usuaris o la informaci\u00f3 que aquests faciliten en formularis de contacte.<\/div>\n<\/div>\n<\/div>\n<\/td>\n<td>\n<p><span style=\"font-weight: 400;\">2 anys<\/span><\/p>\n<\/td>\n<\/tr>\n<tr>\n<td>\n<p><span style=\"font-weight: 400;\">SIDCC<\/span><\/p>\n<\/td>\n<td>\n<p><span style=\"font-weight: 400;\">Tercers<\/span><\/p>\n<p><span style=\"font-weight: 400;\">(Google)<\/span><\/p>\n<\/td>\n<td>\n<p><span style=\"font-weight: 400;\">An\u00e0lisi<\/span><\/p>\n<\/td>\n<td>\n<p>Aquesta\u00a0cookie\u00a0\u00e9s utilitzada per Google per a proveir serveis i extreure informaci\u00f3 an\u00f2nima sobre la navegaci\u00f3.<\/p>\n<\/td>\n<td>\n<p><span style=\"font-weight: 400;\">3 mesos<\/span><\/p>\n<\/td>\n<\/tr>\n<tr>\n<td>\n<p><span style=\"font-weight: 400;\">SSID<\/span><\/p>\n<\/td>\n<td>\n<p><span style=\"font-weight: 400;\">Tercers<\/span><\/p>\n<p><span style=\"font-weight: 400;\">(Google)<\/span><\/p>\n<\/td>\n<td><\/p>\n<p><span style=\"font-weight: 400;\">An\u00e0lisi<\/span><\/p>\n<\/td>\n<td>\n<p>Cookie\u00a0per al recompte, per part de Google, del nombre d&#8217;usuaris que utilitzen els mapes.<\/p>\n<\/td>\n<td>\n<p><span style=\"font-weight: 400;\">2 anys<\/span><\/p>\n<\/td>\n<\/tr>\n<tr>\n<td>\n<p><span style=\"font-weight: 400;\">APISID<\/span><\/p>\n<\/td>\n<td>\n<p><span style=\"font-weight: 400;\">Tercers<\/span><\/p>\n<p><span style=\"font-weight: 400;\">(Google)<\/span><\/p>\n<\/td>\n<td>\n<p><span style=\"font-weight: 400;\">Personalitzaci\u00f3<\/span><\/p>\n<\/td>\n<td>\n<p>S&#8217;utilitzen per a recordar prefer\u00e8ncies de l&#8217;usuari durant la seva navegaci\u00f3.<\/p>\n<\/td>\n<td>\n<p><span style=\"font-weight: 400;\">2 anys<\/span><\/p>\n<\/td>\n<\/tr>\n<tr>\n<td>\n<p><span style=\"font-weight: 400;\">1P_JAR<\/span><\/p>\n<\/td>\n<td>\n<p><span style=\"font-weight: 400;\">Tercers<\/span><\/p>\n<p><span style=\"font-weight: 400;\">(Google)<\/span><\/p>\n<\/td>\n<td>\n<p><span style=\"font-weight: 400;\">An\u00e0lisi<\/span><\/p>\n<\/td>\n<td>\n<div class=\"traductor-textarea form-group\">\n<div class=\"textarea-desti col-xs-12 col-sm-6\">\n<div class=\"form-control second-textarea\">Aquestes cookies s&#8217;utilitzen per a recollir informaci\u00f3 sobre l&#8217;\u00fas del nostre lloc web per part dels visitants. Utilitzem la informaci\u00f3 per a elaborar informes i per a millorar el lloc.<\/div>\n<\/div>\n<\/div>\n<\/td>\n<td>\n<p><span style=\"font-weight: 400;\">1 mes<\/span><\/p>\n<\/td>\n<\/tr>\n<tr>\n<td>\n<p><span style=\"font-weight: 400;\">SEARCH_SAMESITE<\/span><\/p>\n<\/td>\n<td>\n<p><span style=\"font-weight: 400;\">Tercers<\/span><\/p>\n<p><span style=\"font-weight: 400;\">(Google)<\/span><\/p>\n<\/td>\n<td>\n<p><span style=\"font-weight: 400;\">T\u00e8cnica<\/span><\/p>\n<\/td>\n<td>\n<div class=\"traductor-textarea form-group\">\n<div class=\"textarea-desti col-xs-12 col-sm-6\">\n<div class=\"form-control second-textarea\">L&#8217;objectiu \u00e9s mitigar el risc de fugida d&#8217;informaci\u00f3 d&#8217;origen creuat. Tamb\u00e9 proporciona una certa protecci\u00f3 contra els atacs de falsificaci\u00f3 de sol\u00b7licituds entre llocs.<\/div>\n<\/div>\n<\/div>\n<\/td>\n<td>\n<p><span style=\"font-weight: 400;\">2 mesos<\/span><\/p>\n<\/td>\n<\/tr>\n<tr>\n<td>\n<p><span style=\"font-weight: 400;\">NID<\/span><\/p>\n<\/td>\n<td>\n<p><span style=\"font-weight: 400;\">Tercers<\/span><\/p>\n<p><span style=\"font-weight: 400;\">(Google)<\/span><\/p>\n<\/td>\n<td>\n<p><\/p>\n<p><span style=\"font-weight: 400;\">T\u00e8cnica<\/span><\/p>\n<\/td>\n<td>\n<div class=\"traductor-textarea form-group\">\n<div class=\"textarea-desti col-xs-12 col-sm-6\">\n<div class=\"form-control second-textarea\">\u00c9s utilitzada per Google per a emmagatzemar les prefer\u00e8ncies de l&#8217;usuari i la informaci\u00f3 durant la visualitzaci\u00f3 de les p\u00e0gines amb els mapes de Google.<\/div>\n<\/div>\n<\/div>\n<\/td>\n<td>\n<p><span style=\"font-weight: 400;\">6 mesos<\/span><\/p>\n<\/td>\n<\/tr>\n<tr>\n<td>\n<p><span style=\"font-weight: 400;\">OTZ<\/span><\/p>\n<\/td>\n<td>\n<p><span style=\"font-weight: 400;\">Tercers<\/span><\/p>\n<p><span style=\"font-weight: 400;\">(Google)<\/span><\/p>\n<\/td>\n<td>\n<p><span style=\"font-weight: 400;\">Publicit\u00e0ria<\/span><\/p>\n<\/td>\n<td>\n<div class=\"traductor-textarea form-group\">\n<div class=\"textarea-desti col-xs-12 col-sm-6\">\n<div class=\"form-control second-textarea\">Cookie que identifica les prefer\u00e8ncies de l&#8217;usuari.<\/div>\n<\/div>\n<\/div>\n<\/td>\n<td>\n<p><span style=\"font-weight: 400;\">1 mes<\/span><\/p>\n<\/td>\n<\/tr>\n<\/tbody>\n<\/table>\n<h5 style=\"text-align: left;\">\n<\/h5>\n<p style=\"text-align: left;\">\u00a0<\/p>\n<p style=\"text-align: left;\">\u00a0<\/p>\n<p style=\"text-align: left;\">\u00a0<\/p>\n<p style=\"text-align: left;\">Configuraci\u00f3, desactivaci\u00f3, eliminaci\u00f3 o bloqueig les cookies:\u00a0<\/p>\n<p>A tenor de la normativa vigent\u00a0TENDENTCIA\u00a0CLINICA\u00a0DENTAL, S.L.P. l&#8217;informa els seus usuaris de com poden configurar les cookies en el seu navegador en relaci\u00f3 a les seves prefer\u00e8ncies de privacitat i seguretat amb les Cookies.<\/p>\n<p>Pot permetre, bloquejar o eliminar les cookies instal\u00b7lades en el seu equip mitjan\u00e7ant la configuraci\u00f3 de les opcions del seu navegador d&#8217;Internet.\u00a0<\/p>\n<p>L&#8217;usuari t\u00e9 la possibilitat en tot moment de configurar el seu navegador per a acceptar o rebutjar les cookies, o revocar el seu consentiment prestat amb anterioritat.\u00a0<\/p>\n<p>En cas que no permeti la instal\u00b7laci\u00f3 de cookies en el seu navegador \u00e9s possible que no pugui accedir a alguns dels serveis i que la seva experi\u00e8ncia en la nostra web pugui resultar menys satisfact\u00f2ria.<\/p>\n<p>En els seg\u00fcents enlla\u00e7os tens a la seva disposici\u00f3 tota la informaci\u00f3 per a configurar o deshabilitar les seves cookies en cada navegador:<\/p>\n<p>Mozilla\u00a0Firefox: https:\/\/support.mozilla.org\/es\/kb\/habilitar-y-deshabilitar-cookies-sitios-web-rastrear-preferencias?redirectlocale=es&amp;redirectslug=habilitar-y-deshabilitar-cookies-que-los-sitios-we<br \/>Chrome: https:\/\/support.google.com\/chrome\/answer\/95647?hl=es\u00a0<br \/>Internet Explorer: https:\/\/support.microsoft.com\/es-es\/help\/17442\/windows-internet-explorer-delete-manage-cookies<br \/>Safari: http:\/\/support.apple.com\/kb\/ph5042<br \/>Opera: http:\/\/help.opera.com\/windows\/11.50\/es-es\/cookies.html<\/p>\n<p>En\u00a0TENDENTCIA\u00a0CLINICA\u00a0DENTAL, S.L.P. mai guardem les dades personals dels nostres usuaris, a excepci\u00f3 de l&#8217;adre\u00e7a IP d&#8217;acord amb el descrit anteriorment, tret que vulgui registrar-se, de manera volunt\u00e0ria amb la finalitat de realitzar compres dels productes i serveis que posem a la seva disposici\u00f3 o de rebre informaci\u00f3 sobre promocions i continguts del teu inter\u00e8s.\u00a0<\/p>\n<p>El fet de navegar i continuar en la nostra web sense que hagi realitzat una clara acci\u00f3 afirmativa per la qual presta el seu consentiment de manera lliure i informada, no suposar\u00e0 el consentiment de les cookies utilitzades en aquest lloc web, \u00e9s a dir, en cap cas la mera activitat de l&#8217;usuari implica la prestaci\u00f3 del consentiment per si mateixa, ni la consulta de la segona capa de la Pol\u00edtica de Cookies ni la navegaci\u00f3 necess\u00e0ria perqu\u00e8 l&#8217;usuari gestions les seves prefer\u00e8ncies en relaci\u00f3 amb les Cookies, sense que aquestes situacions siguin una conducta activa de la qual pugui derivar-se l&#8217;acceptaci\u00f3 de les Cookies per a les quals es requereixi la prestaci\u00f3 del consentiment.<\/p>\n<\/div>\n<\/div>\n<p style=\"text-align: center;\">\n\n\n<p><\/p>\n<p>&nbsp;<\/p>","protected":false},"excerpt":{"rendered":"<p>&nbsp;<\/p>\n","protected":false},"author":1,"featured_media":0,"parent":0,"menu_order":0,"comment_status":"closed","ping_status":"closed","template":"","meta":[],"_links":{"self":[{"href":"https:\/\/www.tendentcia.es\/ca\/wp-json\/wp\/v2\/pages\/3581"}],"collection":[{"href":"https:\/\/www.tendentcia.es\/ca\/wp-json\/wp\/v2\/pages"}],"about":[{"href":"https:\/\/www.tendentcia.es\/ca\/wp-json\/wp\/v2\/types\/page"}],"author":[{"embeddable":true,"href":"https:\/\/www.tendentcia.es\/ca\/wp-json\/wp\/v2\/users\/1"}],"replies":[{"embeddable":true,"href":"https:\/\/www.tendentcia.es\/ca\/wp-json\/wp\/v2\/comments?post=3581"}],"version-history":[{"count":7,"href":"https:\/\/www.tendentcia.es\/ca\/wp-json\/wp\/v2\/pages\/3581\/revisions"}],"predecessor-version":[{"id":3675,"href":"https:\/\/www.tendentcia.es\/ca\/wp-json\/wp\/v2\/pages\/3581\/revisions\/3675"}],"wp:attachment":[{"href":"https:\/\/www.tendentcia.es\/ca\/wp-json\/wp\/v2\/media?parent=3581"}],"curies":[{"name":"wp","href":"https:\/\/api.w.org\/{rel}","templated":true}]}}