{"id":3582,"date":"2021-05-18T09:29:34","date_gmt":"2021-05-18T09:29:34","guid":{"rendered":"https:\/\/effortsl.net\/clientes\/tendentcia\/?page_id=3582"},"modified":"2021-07-21T11:57:20","modified_gmt":"2021-07-21T11:57:20","slug":"politica-de-privacitat","status":"publish","type":"page","link":"https:\/\/www.tendentcia.es\/ca\/politica-de-privacitat\/","title":{"rendered":"Pol\u00edtica de privacitat"},"content":{"rendered":"<p>[vc_row][vc_column][vc_column_text]Per mitj\u00e0 d&#8217;aquest lloc web (WWW.TENDENTCIA.ES), es recullen dades de car\u00e0cter personal necessari per a la gesti\u00f3 i manteniment d&#8217;alguns dels nostres serveis.<\/p>\n<p>L&#8217;informem que EL TITULAR DEL LLOC WEB (Responsable del tractament) compleix amb la Llei org\u00e0nica 3\/2018, de 5 de desembre, de Protecci\u00f3 de Dades Personals i garantia dels drets digitals (d&#8217;ara endavant,\u00a0LOPDGDD), el Reglament UE 2016\/679, de Protecci\u00f3 de Dades (d&#8217;ara endavant,\u00a0RGPD)\u00a0i altra normativa vigent i d&#8217;aplicaci\u00f3 a cada moment, vetllant per garantir un correcte \u00fas i tractament de les dades personals de l&#8217;usuari.<\/p>\n<p>De conformitat amb l&#8217;article 13 del\u00a0RGPD\u00a0i article 11\u00a0LOPDGDD, aquesta Pol\u00edtica de Privacitat s&#8217;aplica als tractaments de dades de car\u00e0cter personal que\u00a0TENDENTCIA\u00a0CLINICA\u00a0DENTAL, S.L.P., realitza com a Responsable del tractament, en relaci\u00f3 amb les dades que els usuaris i\/o clients (persones f\u00edsiques) faciliten a conseq\u00fc\u00e8ncia de la sol\u00b7licitud d&#8217;informaci\u00f3 i\/o contractaci\u00f3 dels serveis i\/o productes que presta i comercialitza a trav\u00e9s del seu web, o recaptats en qualsevol de les seccions del lloc web.<\/p>\n<p>IDENTITAT DEL RESPONSABLE DEL TRACTAMENT DE LES SEVES DADES PERSONALS<\/p>\n<p>Responsable del tractament:\u00a0TENDENTCIA\u00a0CLINICA\u00a0DENTAL, S.L.P.<br \/>\nDomicili: C\/VILADOMAT, 73, BOTIGA 1a, 08015, BARCELONA (BARCELONA)<br \/>\nCIF: B64574379<br \/>\nEmail: DIRECCION@TENDENTCIA.ES<br \/>\nDelegat de protecci\u00f3 de Dades (DPO):\u00a0SIB\u00a0TRAINING, S.L.O., per a m\u00e9s informaci\u00f3 contacti a trav\u00e9s de la nostra web: www.sibprodasa.es.<\/p>\n<p>FINALITATS DEL TRACTAMENT DE LES SEVES DADES PERSONALS<\/p>\n<p>Les seves dades personals s&#8217;utilitzaran amb la finalitat gen\u00e8rica de la gesti\u00f3 i control de la relaci\u00f3 comercial establerta i, espec\u00edficament per a:<\/p>\n<p>Gestionar l&#8217;acc\u00e9s complet i la utilitzaci\u00f3 correcta dels serveis i\/o productes per part dels usuaris.<br \/>\nPer a comunicar amb els usuaris en resposta a incid\u00e8ncies, sol\u00b7licituds, comentaris i preguntes que ens realitzi a trav\u00e9s dels serveis i\/o productes, aix\u00ed com als formularis de contacte de la nostra p\u00e0gina web (inclosos, correus electr\u00f2nics i\/o les trucades telef\u00f2niques).<br \/>\nPer a proporcionar, actualitzar, mantenir i protegir els serveis i\/o productes i activitats.<br \/>\nPer a oferir nous serveis i\/o productes, ofertes especials o actualitzacions.<br \/>\nEn el seu cas, gestionar processos de selecci\u00f3 de personal en processos selectius de treballadors i\/o col\u00b7laboradors.<br \/>\nComunicacions: Podrem enviar-li correus electr\u00f2nics, missatges i altres tipus de comunicaci\u00f3 en refer\u00e8ncia als serveis i\/o productes, q\u00fcestions t\u00e8cniques i canvis en aquests. Aquestes comunicacions es consideren part dels serveis i\/o productes i no pot renunciar a elles.<br \/>\nEn el seu cas, comunicacions Comercials (M\u00e0rqueting): Podrem utilitzar les seves dades per a contactar-li, tant per via electr\u00f2nica com no electr\u00f2nica, per a realitzar enquestes, obtenir la seva opini\u00f3 sobre el servei prestat, i, ocasionalment, per a notificar-li canvis, desenvolupaments importants dels serveis i\/o productes, ofertes i\/o promocions dels nostres serveis i\/o productes o de terceres empreses relacionades amb nosaltres. Aquestes ofertes comercials seran, en tot cas, autoritzades de manera expressa i separada per l&#8217;usuari que, pot revocar en qualsevol moment el seu consentiment a rebre aquestes notificacions utilitzant el mecanisme implementat a aquest efecte en aquestes, o b\u00e9, des de les prefer\u00e8ncies del compte de client.<\/p>\n<p>No tractarem les seves dades personals per a cap altra finalitat m\u00e9s enll\u00e0 de les descrites anteriorment tret que vingui imposat per llei o existeixi algun requeriment judicial.<\/p>\n<p>TERMINI DE CONSERVACI\u00d3<\/p>\n<p>Les dades personals proporcionades es conservaran i tractaran mentre es mantingui la relaci\u00f3 de prestaci\u00f3 de serveis i\/o productes, sense perjudici de la possibilitat d&#8217;exercitar els seus drets en mat\u00e8ria de protecci\u00f3 de dades (acc\u00e9s, rectificaci\u00f3, supressi\u00f3, oposici\u00f3, limitaci\u00f3, portabilitat i a no ser objecte de decisions individuals automatitzades) i durant els terminis de prescripci\u00f3 legals que siguin aplicable. En aquest cas, es tractaran les seves dades de car\u00e0cter legal \u00fanicament amb la finalitat d&#8217;acreditar el compliment de les obligacions legals o contractuals del Responsable del Tractament.<\/p>\n<p>Finalitzats aquests terminis de prescripci\u00f3, les seves dades seran eliminades o, alternativament, anonimitzats.<\/p>\n<p>LEGITIMACI\u00d3 DEL TRACTAMENT<\/p>\n<p>TENDENTCIA\u00a0CLINICA\u00a0DENTAL, S.L.P., tracta les seves dades personals d&#8217;acord amb les seg\u00fcents bases legals: Consentiment de l&#8217;interessat (1), l&#8217;inter\u00e8s leg\u00edtim (2), l&#8217;execuci\u00f3 d&#8217;un contracte (3) i el compliment d&#8217;una obligaci\u00f3 legal aplicable al Responsable del Tractament (4).<\/p>\n<p>El consentiment de l&#8217;interessat prestat per a les finalitats anteriorment descrites, que se sol\u00b7licitar\u00e0:<br \/>\nEn el proc\u00e9s de registre com a client o en la p\u00e0gina web o mitjan\u00e7ant correu electr\u00f2nic corporatiu indicat en el lloc web, amb la finalitat d&#8217;atendre de forma adequada les consultes i peticions dels usuaris,<br \/>\nEn el moment d&#8217;enviar comunicacions de\u00a0TENDENTCIA\u00a0CLINICA\u00a0DENTAL, S.L.P.<\/p>\n<p>Les sol\u00b7licituds d&#8217;informaci\u00f3 que ens faci arribar requereixen que l&#8217;interessat ens faciliti de manera volunt\u00e0ria i lliure les dades necess\u00e0ries per a poder atendre-li. No obstant aix\u00f2, l&#8217;interessat pot lliurement negar-se a facilitar-nos aquestes dades o, posteriorment, revocar el consentiment pr\u00e8viament atorgat per a tractar les seves dades, si b\u00e9 aquesta negativa implicar\u00e0 la impossibilitat que puguem atendre la seva petici\u00f3.<\/p>\n<p>El Responsable del Tractament enviar\u00e0 comunicacions comercials als usuaris que s&#8217;hagin registrat en el lloc web i que hagin atorgat el seu consentiment per a aix\u00f2.<\/p>\n<p>L&#8217;Inter\u00e8s leg\u00edtim de TENDENTCIA CLINICA DENTAL, S.L.P., a mantenir i fidelizar als seus clients i\/o usuaris i atendre millor les seves expectatives o interessos pr\u00e8viament manifestats, ex.: millorar productes, gestionar sol\u00b7licituds, consultes o reclamacions, oferir productes similars als contractats, informar sobre promocioni etc., sense perjudici del compliment per part de TENDENTCIA CLINICA DENTAL, S.L.P., de la resta d&#8217;obligacions relatives a l&#8217;enviament de comunicacions comercials per via electr\u00f2nica.<br \/>\nExecuci\u00f3 contractual entre\u00a0TENDENTCIA\u00a0CLINICA\u00a0DENTAL, S.L.P., i l&#8217;usuari, tractant aquelles dades que l&#8217;usuari faciliti volunt\u00e0riament al Responsable del Tractament a trav\u00e9s del lloc web, amb la finalitat de gestionar i prestar els productes i\/o serveis sol\u00b7licitats i\/o contractats, el pagament, la facturaci\u00f3 i els enviaments.<br \/>\nCompliment de les obligacions legals aplicables al Responsable del Tractament.<\/p>\n<p>TENDENTCIA\u00a0CLINICA\u00a0DENTAL, S.L.P., ent\u00e9n que, en facilitar-nos aquestes dades, l&#8217;interessat garanteix i es fa responsable de la veracitat, actualitat i exactitud dels mateixos i que accepta i consent expressament en el seu tractament per a les finalitats abans descrites.<\/p>\n<p>DESTINATARIS DE CESSIONS O TRANSFER\u00c8NCIES.<\/p>\n<p>Amb car\u00e0cter general,\u00a0TENDENTCIA\u00a0CLINICA\u00a0DENTAL, S.L.P., no cedir\u00e0 les seves dades personals a tercers tret que estiguem obligats legalment a aix\u00f2 o per a atendre les finalitats del tractament.<\/p>\n<p>TENDENTCIA\u00a0CLINICA\u00a0DENTAL, S.L.P., no realitzar\u00e0 transfer\u00e8ncies internacionals de les dades personals recaptades a trav\u00e9s d&#8217;aquest lloc web, amb excepci\u00f3 dels seg\u00fcents suposats:<\/p>\n<p>Que la transfer\u00e8ncia internacional de dades sigui necess\u00e0ria per a l&#8217;execuci\u00f3 d&#8217;un contracte o mesures precontractuals en les quals l&#8217;interessat sigui part.<br \/>\nQue la transfer\u00e8ncia internacional de dades sigui necess\u00e0ria per aplicaci\u00f3 de la legislaci\u00f3 vigent.<br \/>\nQue la transfer\u00e8ncia internacional de dades tingui lloc per mediar consentiment expr\u00e9s de l&#8217;interessat.<br \/>\nQue la transfer\u00e8ncia internacional de dades tingui lloc per trobar-se allotjada la p\u00e0gina web en servidors situats fora de l&#8217;Espai Econ\u00f2mic Europeu.<\/p>\n<p>En tot cas, en els sup\u00f2sits en els quals pugui tenir lloc transfer\u00e8ncies internacionals de dades,\u00a0TENDENTCIA\u00a0CLINICA\u00a0DENTAL, S.L.P., comprovar\u00e0 que el pa\u00eds importador de dades garanteixi un nivell adequat de protecci\u00f3 en aplicaci\u00f3 de la normativa vigent.<\/p>\n<p>DRETS DE LES PERSONES INTERESSADES.<\/p>\n<p>La normativa de protecci\u00f3 de dades permet que puguis exercir davant el responsable del tractament els teus drets d&#8217;acc\u00e9s, rectificaci\u00f3, oposici\u00f3, supressi\u00f3 (\u201cdret a l&#8217;oblit\u201d), limitaci\u00f3 del tractament, portabilitat i de no ser objecte de decisions individualitzades:<\/p>\n<p>Dret d&#8217;acc\u00e9s: Permet a l&#8217;interessat con\u00e8ixer i obtenir informaci\u00f3 sobre les seves dades de car\u00e0cter personal sotmeses a tractament.<br \/>\nDret de rectificaci\u00f3: Permet corregir errors, modificar les dades que resultin ser inexactes o incomplets i garantir la certesa de les seves dades personals.<br \/>\nDret de supressi\u00f3: Permet sol\u00b7licitar l&#8217;eliminaci\u00f3 de les seves dades personals quan ja no siguin necessaris per a l&#8217;execuci\u00f3 o prestaci\u00f3 del servei.<br \/>\nDret d&#8217;oposici\u00f3: Permet a l&#8217;interessat que no es dugui a terme el tractament de les seves dades de car\u00e0cter personal o el seu cessament, excepte motius leg\u00edtims o per a l&#8217;exercici o defensa de possibles reclamacions, i en aquest cas els mantindrem bloquejats durant el termini corresponent.<br \/>\nDret d&#8217;oposici\u00f3 a l&#8217;enviament de publicitat: Els interessats podran oposar-se a l&#8217;enviament de comunicacions comercials. En aquest cas pot revocar en qualsevol moment el seu consentiment a rebre aquestes notificacions.<br \/>\nLimitaci\u00f3 del tractament: En determinades circumst\u00e0ncies, els interessats podran sol\u00b7licitar la limitaci\u00f3 del tractament de les seves dades, i en aquest cas \u00fanicament es conservaran per a l&#8217;exercici o defensa de reclamacions.<br \/>\nPortabilitat de les dades: Les persones interessades poden sol\u00b7licitar rebre les dades que li incumbeixin i que ens hagi facilitat o que \u2013sempre que t\u00e8cnicament sigui possible\u2013 els hi enviem a un altre responsable de tractament de la seva elecci\u00f3, en un format estructurat d&#8217;\u00fas com\u00fa i lectura mec\u00e0nica.<br \/>\nDret a no ser objecte de decisions individuals automatitzades (inclosa l&#8217;elaboraci\u00f3 de perfils): Les persones interessades tenen dret a no ser objecte d&#8217;una decisi\u00f3 basada en el tractament automatitzat que produeixi efectes o afecti significativament.<br \/>\nPossibilitat de retirar el consentiment: L&#8217;interessat t\u00e9 dret a retirar en qualsevol moment el consentiment prestat, sense que aix\u00f2 afecti la licitud del tractament basat en el consentiment prestat en el moment de facilitar-nos les seves dades.<\/p>\n<p>Si desitja exercir algun dels drets exposats, preguem que es posi en contacte amb nosaltres a trav\u00e9s de les dades de contacte que apareixen en \u201cIdentificaci\u00f3 del Responsable del tractament de les dades personals\u201d, en el qual inclogui la seg\u00fcent informaci\u00f3:\u00a0 Nom i cognoms, n\u00famero de DNI, adre\u00e7a postal i electr\u00f2nica de contacte, indicant el tipus de dret i especificant les condicions d&#8217;aquest.<\/p>\n<p>Possibilitat de reclamar davant l&#8217;Autoritat de Control:\u00a0TENDENTCIA\u00a0CLINICA\u00a0DENTAL, S.L.P. l&#8217;informa igualment del dret que li assisteix de presentar una reclamaci\u00f3 davant l&#8217;Ag\u00e8ncia Espanyola de Protecci\u00f3 de Dades (www.agpd.es) si considera que el tractament no s&#8217;ajusta a la normativa vigent.<\/p>\n<p>INFORMACI\u00d3 ADDICIONAL<\/p>\n<p>Conservaci\u00f3 de determinades dades<\/p>\n<p>TENDENTCIA CLINICA DENTAL, S.L.P., informa que, en compliment de les disposicions de la Llei 25\/2007, de 18 d&#8217;octubre, de conservaci\u00f3 de dades relatives a les comunicacions electr\u00f2niques i a les xarxes p\u00fabliques de comunicacions, haur\u00e0 de procedir a retenir i conservar determinades dades de tr\u00e0nsit generades durant el desenvolupament de les comunicacions amb la finalitat de cedir-los a les autoritats legitimades, quan concorrin les circumst\u00e0ncies legals en ella previstes.<\/p>\n<p>Dades registrades<\/p>\n<p>Els nostres servidors recopilen informaci\u00f3 de manera autom\u00e0tica quan l&#8217;usuari utilitza els serveis de les webs. Aquestes dades de registre poden incloure l&#8217;adre\u00e7a IP, la identificaci\u00f3 del dispositiu des del qual s&#8217;accedeix als productes, el sistema operatiu, la configuraci\u00f3 del dispositiu.<\/p>\n<p>Mesures de seguretat<\/p>\n<p>A m\u00e9s, se l&#8217;informa que EL TITULAR DEL LLOC WEB (Responsable del tractament) t\u00e9 implantades les mesures de seguretat d&#8217;\u00edndole t\u00e8cnica i organitzatives necess\u00e0ries per a garantir la seguretat de les seves dades de car\u00e0cter personal i evitar la seva alteraci\u00f3, p\u00e8rdua i tractament i\/o acc\u00e9s no autoritzat, tenint en compte de l&#8217;estat de la tecnologia, la naturalesa de les dades emmagatzemades i els riscos al fet que estan exposats, ja provinguin de l&#8217;acci\u00f3 humana o del medi f\u00edsic o natural. Aix\u00ed mateix, s&#8217;ha establert mesures addicionals amb vista a refor\u00e7ar la confidencialitat i integritat de la informaci\u00f3 en la seva organitzaci\u00f3. Mantenint cont\u00ednuament la supervisi\u00f3, control i avaluaci\u00f3 dels processos per a assegurar el respecte a la privacitat de les dades.<\/p>\n<p>Modificaci\u00f3 de la Pol\u00edtica de Privacitat<\/p>\n<p>La present Pol\u00edtica de Privacitat podr\u00e0 ser modificada d&#8217;acord amb la legislaci\u00f3 vigent en qualsevol moment. No obstant aix\u00f2, el Responsable del Tractament l&#8217;informar\u00e0 d&#8217;aquests canvis sempre que els mateixos tinguin un impacte rellevant per a la protecci\u00f3 de les seves dades de car\u00e0cter personal.<\/p>\n<p>Pot posar-se en contacte amb el Responsable del Tractament en qualsevol moment a trav\u00e9s de les adreces postal i electr\u00f2nica indicades en aquesta Pol\u00edtica de Privacitat.<\/p>\n<p>MENORS<\/p>\n<p>L&#8217;acc\u00e9s i registre en la web o a trav\u00e9s de les xarxes socials est\u00e0 prohibit a menors de 14 anys. En cas que el menor o incapa\u00e7 volgu\u00e9s registrar-se, ser\u00e0 necess\u00e0ria la intervenci\u00f3 del titular de la p\u00e0tria potestat o tutela de l&#8217;usuari o el seu representant legal mitjan\u00e7ant document v\u00e0lid que acredito la representaci\u00f3 legal de l&#8217;usuari incapa\u00e7 per a l&#8217;acc\u00e9s.<\/p>\n<p>EL TITULAR DE LA WEB\/XARXES SOCIALS quedar\u00e0 expressament exonerada de qualsevol responsabilitat que pogu\u00e9s derivar-se de l&#8217;\u00fas de les xarxes socials per menors o incapaces.[\/vc_column_text][\/vc_column][\/vc_row]<\/p>\n","protected":false},"excerpt":{"rendered":"<p>[vc_row][vc_column][vc_column_text]Per mitj\u00e0 d&#8217;aquest lloc web (WWW.TENDENTCIA.ES), es recullen dades de car\u00e0cter personal necessari per a la gesti\u00f3 i manteniment d&#8217;alguns dels nostres serveis. L&#8217;informem que EL TITULAR DEL LLOC WEB (Responsable del tractament) compleix amb la Llei org\u00e0nica 3\/2018, de 5 de desembre, de Protecci\u00f3 de Dades Personals i garantia dels drets digitals (d&#8217;ara endavant,\u00a0LOPDGDD), [&hellip;]<\/p>\n","protected":false},"author":1,"featured_media":0,"parent":0,"menu_order":0,"comment_status":"closed","ping_status":"closed","template":"","meta":[],"_links":{"self":[{"href":"https:\/\/www.tendentcia.es\/ca\/wp-json\/wp\/v2\/pages\/3582"}],"collection":[{"href":"https:\/\/www.tendentcia.es\/ca\/wp-json\/wp\/v2\/pages"}],"about":[{"href":"https:\/\/www.tendentcia.es\/ca\/wp-json\/wp\/v2\/types\/page"}],"author":[{"embeddable":true,"href":"https:\/\/www.tendentcia.es\/ca\/wp-json\/wp\/v2\/users\/1"}],"replies":[{"embeddable":true,"href":"https:\/\/www.tendentcia.es\/ca\/wp-json\/wp\/v2\/comments?post=3582"}],"version-history":[{"count":4,"href":"https:\/\/www.tendentcia.es\/ca\/wp-json\/wp\/v2\/pages\/3582\/revisions"}],"predecessor-version":[{"id":3589,"href":"https:\/\/www.tendentcia.es\/ca\/wp-json\/wp\/v2\/pages\/3582\/revisions\/3589"}],"wp:attachment":[{"href":"https:\/\/www.tendentcia.es\/ca\/wp-json\/wp\/v2\/media?parent=3582"}],"curies":[{"name":"wp","href":"https:\/\/api.w.org\/{rel}","templated":true}]}}