{"id":3654,"date":"2021-07-20T12:47:35","date_gmt":"2021-07-20T12:47:35","guid":{"rendered":"https:\/\/effortsl.net\/clientes\/tendentcia\/?page_id=3654"},"modified":"2021-07-22T10:10:03","modified_gmt":"2021-07-22T10:10:03","slug":"ultima-tecnologia","status":"publish","type":"page","link":"https:\/\/www.tendentcia.es\/ca\/ultima-tecnologia\/","title":{"rendered":"\u00daltima Tecnologia"},"content":{"rendered":"<p>[vc_row padding_bottom_multiplier=&#8221;&#8221;][vc_column]\n\t\t\t<!-- START \u00daltimes Tecnologies REVOLUTION SLIDER 6.4.2 --><p class=\"rs-p-wp-fix\"><\/p>\n\t\t\t<rs-module-wrap id=\"rev_slider_14_1_wrapper\" data-source=\"gallery\" style=\"background:transparent;padding:0;margin:0px auto;margin-top:0;margin-bottom:0;\">\n\t\t\t\t<rs-module id=\"rev_slider_14_1\" style=\"\" data-version=\"6.4.2\">\n\t\t\t\t\t<rs-slides>\n\t\t\t\t\t\t<rs-slide data-key=\"rs-18\" data-title=\"Slide\" data-in=\"o:0;\" data-out=\"a:false;\">\n\t\t\t\t\t\t\t<img src=\"\/\/www.tendentcia.es\/wp-content\/uploads\/2021\/07\/header-maquinas-2.jpg\" title=\"header-maquinas-2\" width=\"1920\" height=\"1080\" class=\"rev-slidebg\" data-no-retina>\n<!--\n\t\t\t\t\t\t\t--><rs-layer\n\t\t\t\t\t\t\t\tid=\"slider-14-slide-18-layer-0\" \n\t\t\t\t\t\t\t\tdata-type=\"text\"\n\t\t\t\t\t\t\t\tdata-rsp_ch=\"on\"\n\t\t\t\t\t\t\t\tdata-xy=\"x:c;y:m;yo:0,0,0,26px;\"\n\t\t\t\t\t\t\t\tdata-text=\"w:normal;s:45,37,43,34;l:53,43,49,39;fw:500;\"\n\t\t\t\t\t\t\t\tdata-basealign=\"slide\"\n\t\t\t\t\t\t\t\tdata-frame_999=\"o:0;st:w;\"\n\t\t\t\t\t\t\t\tstyle=\"z-index:5;font-family:Montserrat;\"\n\t\t\t\t\t\t\t>\u00daltimes Tecnologies \n\t\t\t\t\t\t\t<\/rs-layer><!--\n-->\t\t\t\t\t\t<\/rs-slide>\n\t\t\t\t\t<\/rs-slides>\n\t\t\t\t<\/rs-module>\n\t\t\t\t<script type=\"text\/javascript\">\n\t\t\t\t\tsetREVStartSize({c: 'rev_slider_14_1',rl:[1240,1024,778,480],el:[500,399.99,300,300],gw:[1240,1024,778,480],gh:[500,400,300,300],type:'standard',justify:'',layout:'fullwidth',mh:\"0\"});\n\t\t\t\t\tvar\trevapi14,\n\t\t\t\t\t\ttpj;\n\t\t\t\t\tfunction revinit_revslider141() {\n\t\t\t\t\tjQuery(function() {\n\t\t\t\t\t\ttpj = jQuery;\n\t\t\t\t\t\trevapi14 = tpj(\"#rev_slider_14_1\");\n\t\t\t\t\t\tif(revapi14==undefined || revapi14.revolution == undefined){\n\t\t\t\t\t\t\trevslider_showDoubleJqueryError(\"rev_slider_14_1\");\n\t\t\t\t\t\t}else{\n\t\t\t\t\t\t\trevapi14.revolution({\n\t\t\t\t\t\t\t\tsliderLayout:\"fullwidth\",\n\t\t\t\t\t\t\t\tvisibilityLevels:\"1240,1024,778,480\",\n\t\t\t\t\t\t\t\tgridwidth:\"1240,1024,778,480\",\n\t\t\t\t\t\t\t\tgridheight:\"500,400,300,300\",\n\t\t\t\t\t\t\t\tperspective:600,\n\t\t\t\t\t\t\t\tperspectiveType:\"global\",\n\t\t\t\t\t\t\t\teditorheight:\"500,399.99,300,300\",\n\t\t\t\t\t\t\t\tresponsiveLevels:\"1240,1024,778,480\",\n\t\t\t\t\t\t\t\tprogressBar:{disableProgressBar:true},\n\t\t\t\t\t\t\t\tnavigation: {\n\t\t\t\t\t\t\t\t\tonHoverStop:false\n\t\t\t\t\t\t\t\t},\n\t\t\t\t\t\t\t\tfallbacks: {\n\t\t\t\t\t\t\t\t\tallowHTML5AutoPlayOnAndroid:true\n\t\t\t\t\t\t\t\t},\n\t\t\t\t\t\t\t});\n\t\t\t\t\t\t}\n\t\t\t\t\t\t\n\t\t\t\t\t});\n\t\t\t\t\t} \/\/ End of RevInitScript\n\t\t\t\tvar once_revslider141 = false;\n\t\t\t\tif (document.readyState === \"loading\") {document.addEventListener('readystatechange',function() { if((document.readyState === \"interactive\" || document.readyState === \"complete\") && !once_revslider141 ) { once_revslider141 = true; revinit_revslider141();}});} else {once_revslider141 = true; revinit_revslider141();}\n\t\t\t\t<\/script>\n\t\t\t<\/rs-module-wrap>\n\t\t\t<!-- END REVOLUTION SLIDER -->\n[\/vc_column][\/vc_row][vc_row padding_top_multiplier=&#8221;6x&#8221; padding_bottom_multiplier=&#8221;6x&#8221;][vc_column vertical_content_position=&#8221;middle&#8221; width=&#8221;1\/2&#8243;]<h3 class=\"grve-element grve-title grve-align-left grve-h3\" style=\"\"><span>iTero Element 2 Plus Esc\u00e0ner intraoral digital en 3D compatible amb\u00a0Invisalign<\/span><\/h3><h5 class=\"grve-element grve-title grve-align-left grve-h5\" style=\"\"><span>Recurs fonamental en el diagn\u00f2stic, planificaci\u00f3 i tractament de casos cl\u00ednics.<\/span><\/h5><div class=\"grve-element grve-divider grve-align-left\" style=\"padding-top: 5%;padding-bottom: 5%;\"><span class=\"grve-custom-divider grve-bg-primary-1\" style=\"width: 20px;height: 2px;\"><\/span><\/div><div class=\"grve-element grve-box-icon grve-large grve-top-icon grve-align-left\" style=\"margin-bottom: 30px;\"><div class=\"grve-wrapper-icon grve-no-shape\" style=\"\"><div id=\"grve-svg-6a0231089af1f\" data-file=\"https:\/\/www.tendentcia.es\/wp-content\/uploads\/2021\/07\/fast_Mesa-de-trabajo-1-copia-5.svg\" data-duration=\"100\" class=\"grve-svg-icon grve-text-primary-1\"><\/div><\/div><div class=\"grve-box-content\">  <p class=\"\">Permet processar els escanejos molt r\u00e0pid.<br \/>\nPot escanejar una arcada completa en tan sols 60 segons!<\/p><\/div><\/div><div class=\"grve-element grve-box-icon grve-large grve-top-icon grve-align-left\" style=\"margin-bottom: 30px;\"><div class=\"grve-wrapper-icon grve-no-shape\" style=\"\"><div id=\"grve-svg-6a0231089b110\" data-file=\"https:\/\/www.tendentcia.es\/wp-content\/uploads\/2021\/07\/Image_Mesa-de-trabajo-1-copia-6.svg\" data-duration=\"100\" class=\"grve-svg-icon grve-text-primary-1\"><\/div><\/div><div class=\"grve-box-content\">  <p class=\"\">Facilita una imatge a color d&#8217;alta definici\u00f3<\/p><\/div><\/div><div class=\"grve-element grve-box-icon grve-large grve-top-icon grve-align-left\" style=\"margin-bottom: 30px;\"><div class=\"grve-wrapper-icon grve-no-shape\" style=\"\"><div id=\"grve-svg-6a0231089b271\" data-file=\"https:\/\/www.tendentcia.es\/wp-content\/uploads\/2021\/07\/3d_Mesa-de-trabajo-1-copia-4.svg\" data-duration=\"100\" class=\"grve-svg-icon grve-text-primary-1\"><\/div><\/div><div class=\"grve-box-content\">  <p class=\"\">Ofereix sorprenents escanejos 3D<\/p><\/div><\/div><div class=\"grve-element grve-box-icon grve-large grve-top-icon grve-align-left\" style=\"margin-bottom: 25px;\"><div class=\"grve-wrapper-icon grve-no-shape\" style=\"\"><div id=\"grve-svg-6a0231089b3b6\" data-file=\"https:\/\/www.tendentcia.es\/wp-content\/uploads\/2021\/07\/visual_Mesa-de-trabajo-1-copia-7.svg\" data-duration=\"100\" class=\"grve-svg-icon grve-text-primary-1\"><\/div><\/div><div class=\"grve-box-content\">  <p class=\"\">Visualitzaci\u00f3 en temps real, \u00e9s un factor important per als pacients, destaca els canvis que no es veuen quan ens mirem al mirall.<\/p><\/div><\/div>[\/vc_column][vc_column width=&#8221;1\/2&#8243;]<div class=\"grve-element grve-image grve-animated-item grve-duration-normal grve-fade-in-up grve-align-center\" style=\"\" data-delay=\"200\">  <div class=\"grve-image-wrapper\"><img width=\"700\" height=\"1000\" src=\"https:\/\/www.tendentcia.es\/wp-content\/uploads\/2021\/07\/itero2_definitivo.jpg\" class=\"attachment-medium_large size-medium_large\" alt=\"\" loading=\"lazy\" srcset=\"https:\/\/www.tendentcia.es\/wp-content\/uploads\/2021\/07\/itero2_definitivo.jpg 700w, https:\/\/www.tendentcia.es\/wp-content\/uploads\/2021\/07\/itero2_definitivo-210x300.jpg 210w\" sizes=\"(max-width: 700px) 100vw, 700px\" \/>   <\/div><\/div>[\/vc_column][\/vc_row][vc_row padding_top_multiplier=&#8221;&#8221; padding_bottom_multiplier=&#8221;2x&#8221; mobile_visibility=&#8221;hide&#8221;][vc_column vertical_content_position=&#8221;middle&#8221; width=&#8221;1\/2&#8243;]<div class=\"grve-element grve-image grve-animated-item grve-duration-normal grve-fade-in-up grve-align-left\" style=\"\" data-delay=\"200\">  <div class=\"grve-image-wrapper\"><img width=\"700\" height=\"1000\" src=\"https:\/\/www.tendentcia.es\/wp-content\/uploads\/2021\/07\/smart-plus.jpg\" class=\"attachment-medium_large size-medium_large\" alt=\"\" loading=\"lazy\" srcset=\"https:\/\/www.tendentcia.es\/wp-content\/uploads\/2021\/07\/smart-plus.jpg 700w, https:\/\/www.tendentcia.es\/wp-content\/uploads\/2021\/07\/smart-plus-210x300.jpg 210w\" sizes=\"(max-width: 700px) 100vw, 700px\" \/>   <\/div><\/div>[\/vc_column][vc_column width=&#8221;1\/2&#8243;]<h3 class=\"grve-element grve-title grve-align-left grve-h3\" style=\"\"><span>Smart Plus<\/span><\/h3><h5 class=\"grve-element grve-title grve-align-left grve-h5\" style=\"\"><span>Innovaci\u00f3 Smart<\/span><\/h5><div class=\"grve-element grve-divider grve-align-left\" style=\"padding-top: 5%;padding-bottom: 5%;\"><span class=\"grve-custom-divider grve-bg-primary-1\" style=\"width: 20px;height: 2px;\"><\/span><\/div>[vc_column_text css=&#8221;.vc_custom_1626786008261{margin-bottom: 24px !important;}&#8221;]<strong>Una captura dues imatges<br \/>\n<\/strong>Una captura amb\u00a0Smart\u00a0li brinda no sols una imatge de\u00a0CT, sin\u00f3 tamb\u00e9 una imatge d&#8217;Acte\u00a0Pano.[\/vc_column_text][vc_column_text css=&#8221;.vc_custom_1626786020166{margin-bottom: 24px !important;}&#8221;]<strong>Fox est\u00e8s en forma d&#8217;Arc<\/strong><br \/>\nL&#8217;innovador\u00a0FOV\u00a0de\u00a0Smart\u00a0proporciona un volum en forma d&#8217;arc, que mostra una vista m\u00e9s \u00e0mplia de la dentici\u00f3 en comparaci\u00f3 amb altres dispositius del mateix\u00a0FOV.[\/vc_column_text][vc_column_text css=&#8221;.vc_custom_1626785894368{margin-bottom: 24px !important;}&#8221;]<strong>Innovaci\u00f3, Sensibilitat Tecnol\u00f2gica<\/strong><br \/>\nLa qualitat d&#8217;imatge en 3D ha millorat dram\u00e0ticament gr\u00e0cies a la innovadora tecnologia de reconstrucci\u00f3 d&#8217;imatges.[\/vc_column_text][vc_column_text css=&#8221;.vc_custom_1626785917773{margin-bottom: 24px !important;}&#8221;]<strong>Escaneig 3D per a Model<\/strong><br \/>\nL&#8217;escaneig\u00a0 de model 3D permet als usuaris emmagatzemar guixos com a models digitals.[\/vc_column_text][vc_column_text css=&#8221;.vc_custom_1626786051321{margin-bottom: 10px !important;}&#8221;]<strong>Insight Piano<br \/>\n<\/strong>\u00c9s el pr\u00f2xim pas evolutiu cap endavant en la imatge panor\u00e0mica.[\/vc_column_text][\/vc_column][\/vc_row][vc_row padding_top_multiplier=&#8221;&#8221; padding_bottom_multiplier=&#8221;2x&#8221; desktop_visibility=&#8221;hide&#8221; tablet_visibility=&#8221;hide&#8221; tablet_sm_visibility=&#8221;hide&#8221;][vc_column width=&#8221;1\/2&#8243;]<h3 class=\"grve-element grve-title grve-align-left grve-h3\" style=\"\"><span>Smart Plus<\/span><\/h3><h5 class=\"grve-element grve-title grve-align-left grve-h5\" style=\"\"><span>Innovaci\u00f3n Smart<\/span><\/h5><div class=\"grve-element grve-divider grve-align-left\" style=\"padding-top: 5%;padding-bottom: 5%;\"><span class=\"grve-custom-divider grve-bg-primary-1\" style=\"width: 20px;height: 2px;\"><\/span><\/div>[vc_column_text css=&#8221;.vc_custom_1626786014503{margin-bottom: 24px !important;}&#8221;]<strong>Una captura dues imatges<br \/>\n<\/strong>Una captura amb\u00a0Smart\u00a0li brinda no sols una imatge de\u00a0CT, sin\u00f3 tamb\u00e9 una imatge d&#8217;Acte\u00a0Pano.[\/vc_column_text][vc_column_text css=&#8221;.vc_custom_1626786025377{margin-bottom: 24px !important;}&#8221;]<strong>Fox est\u00e8s en forma d&#8217;Arc<\/strong><br \/>\nL&#8217;innovador\u00a0FOV\u00a0de\u00a0Smart\u00a0proporciona un volum en forma d&#8217;arc, que mostra una vista m\u00e9s \u00e0mplia de la dentici\u00f3 en comparaci\u00f3 amb altres dispositius del mateix\u00a0FOV.[\/vc_column_text][vc_column_text css=&#8221;.vc_custom_1626786034926{margin-bottom: 24px !important;}&#8221;]<strong>Innovaci\u00f3, Sensibilitat Tecnol\u00f2gica<\/strong><br \/>\nLa qualitat d&#8217;imatge en 3D ha millorat dram\u00e0ticament gr\u00e0cies a la innovadora tecnologia de reconstrucci\u00f3 d&#8217;imatges.[\/vc_column_text][vc_column_text css=&#8221;.vc_custom_1626786046272{margin-bottom: 24px !important;}&#8221;]<strong>Escaneig 3D per a Model<\/strong><br \/>\nL&#8217;escaneig\u00a0 de model 3D permet als usuaris emmagatzemar guixos com a models digitals.[\/vc_column_text][vc_column_text css=&#8221;.vc_custom_1626786055143{margin-bottom: 10px !important;}&#8221;]<strong>Insight Piano<br \/>\n<\/strong>\u00c9s el pr\u00f2xim pas evolutiu cap endavant en la imatge panor\u00e0mica.[\/vc_column_text][\/vc_column][vc_column vertical_content_position=&#8221;middle&#8221; width=&#8221;1\/2&#8243;]<div class=\"grve-element grve-image grve-animated-item grve-duration-normal grve-fade-in-up grve-align-left\" style=\"\" data-delay=\"200\">  <div class=\"grve-image-wrapper\"><img width=\"700\" height=\"1000\" src=\"https:\/\/www.tendentcia.es\/wp-content\/uploads\/2021\/07\/smart-plus.jpg\" class=\"attachment-medium_large size-medium_large\" alt=\"\" loading=\"lazy\" srcset=\"https:\/\/www.tendentcia.es\/wp-content\/uploads\/2021\/07\/smart-plus.jpg 700w, https:\/\/www.tendentcia.es\/wp-content\/uploads\/2021\/07\/smart-plus-210x300.jpg 210w\" sizes=\"(max-width: 700px) 100vw, 700px\" \/>   <\/div><\/div>[\/vc_column][\/vc_row]<\/p>\n","protected":false},"excerpt":{"rendered":"<p>[vc_row padding_bottom_multiplier=&#8221;&#8221;][vc_column][\/vc_column][\/vc_row][vc_row padding_top_multiplier=&#8221;6x&#8221; padding_bottom_multiplier=&#8221;6x&#8221;][vc_column vertical_content_position=&#8221;middle&#8221; width=&#8221;1\/2&#8243;][\/vc_column][vc_column width=&#8221;1\/2&#8243;][\/vc_column][\/vc_row][vc_row padding_top_multiplier=&#8221;&#8221; padding_bottom_multiplier=&#8221;2x&#8221; mobile_visibility=&#8221;hide&#8221;][vc_column vertical_content_position=&#8221;middle&#8221; width=&#8221;1\/2&#8243;][\/vc_column][vc_column width=&#8221;1\/2&#8243;][vc_column_text css=&#8221;.vc_custom_1626786008261{margin-bottom: 24px !important;}&#8221;]Una captura dues imatges Una captura amb\u00a0Smart\u00a0li brinda no sols una imatge de\u00a0CT, sin\u00f3 tamb\u00e9 una imatge d&#8217;Acte\u00a0Pano.[\/vc_column_text][vc_column_text css=&#8221;.vc_custom_1626786020166{margin-bottom: 24px !important;}&#8221;]Fox est\u00e8s en forma d&#8217;Arc L&#8217;innovador\u00a0FOV\u00a0de\u00a0Smart\u00a0proporciona un volum en forma d&#8217;arc, que mostra una vista m\u00e9s \u00e0mplia de la dentici\u00f3 [&hellip;]<\/p>\n","protected":false},"author":1,"featured_media":0,"parent":0,"menu_order":0,"comment_status":"closed","ping_status":"closed","template":"","meta":[],"_links":{"self":[{"href":"https:\/\/www.tendentcia.es\/ca\/wp-json\/wp\/v2\/pages\/3654"}],"collection":[{"href":"https:\/\/www.tendentcia.es\/ca\/wp-json\/wp\/v2\/pages"}],"about":[{"href":"https:\/\/www.tendentcia.es\/ca\/wp-json\/wp\/v2\/types\/page"}],"author":[{"embeddable":true,"href":"https:\/\/www.tendentcia.es\/ca\/wp-json\/wp\/v2\/users\/1"}],"replies":[{"embeddable":true,"href":"https:\/\/www.tendentcia.es\/ca\/wp-json\/wp\/v2\/comments?post=3654"}],"version-history":[{"count":6,"href":"https:\/\/www.tendentcia.es\/ca\/wp-json\/wp\/v2\/pages\/3654\/revisions"}],"predecessor-version":[{"id":3657,"href":"https:\/\/www.tendentcia.es\/ca\/wp-json\/wp\/v2\/pages\/3654\/revisions\/3657"}],"wp:attachment":[{"href":"https:\/\/www.tendentcia.es\/ca\/wp-json\/wp\/v2\/media?parent=3654"}],"curies":[{"name":"wp","href":"https:\/\/api.w.org\/{rel}","templated":true}]}}